{"id":340,"date":"2019-01-03T12:47:53","date_gmt":"2019-01-03T11:47:53","guid":{"rendered":"http:\/\/www.caldererias.es\/?page_id=340"},"modified":"2026-03-20T13:53:15","modified_gmt":"2026-03-20T12:53:15","slug":"responsabilidad-social-corporativa","status":"publish","type":"page","link":"https:\/\/www.caldererias.es\/en\/responsabilidad-social-corporativa\/","title":{"rendered":"CORPORATE SOCIAL RESPONSIBILITY"},"content":{"rendered":"<p>[et_pb_section fb_built=\u00bb1&#8243; fullwidth=\u00bbon\u00bb _builder_version=\u00bb4.16&#8243; background_image=\u00bbhttp:\/\/www.caldererias.es\/wp-content\/uploads\/2019\/01\/rsc.jpg\u00bb global_colors_info=\u00bb{}\u00bb][et_pb_fullwidth_header title=\u00bbResponsabilidad Social Corporativa\u00bb subhead=\u00bbM\u00e1s de 30 a\u00f1os a su servicio\u00bb text_orientation=\u00bbcenter\u00bb header_fullscreen=\u00bbon\u00bb button_one_url=\u00bbhttp:\/\/www.caldererias.es\/empresa\/\u00bb content_max_width=\u00bb65%\u00bb content_max_width_tablet=\u00bb\u00bb content_max_width_phone=\u00bb\u00bb content_max_width_last_edited=\u00bbon|desktop\u00bb _builder_version=\u00bb4.27.0&#8243; title_font=\u00bb||||||||\u00bb title_text_color=\u00bb#f78f1e\u00bb title_font_size=\u00bb35px\u00bb content_font=\u00bb||||||||\u00bb subhead_font=\u00bb||||||||\u00bb subhead_text_color=\u00bb#ffffff\u00bb subhead_font_size=\u00bb28px\u00bb background_color=\u00bbrgba(0,87,107,0)\u00bb use_background_color_gradient=\u00bbon\u00bb background_color_gradient_stops=\u00bb#ffffff 3%|rgba(255,255,255,0) 15%\u00bb background_color_gradient_start=\u00bb#ffffff\u00bb background_color_gradient_start_position=\u00bb3%\u00bb background_color_gradient_end=\u00bbrgba(255,255,255,0)\u00bb background_color_gradient_end_position=\u00bb15%\u00bb parallax=\u00bbon\u00bb custom_button_one=\u00bbon\u00bb button_one_text_size=\u00bb25px\u00bb button_one_font=\u00bb||||||||\u00bb button_one_icon=\u00bb&#x39;||divi||400&#8243; animation_style=\u00bbslide\u00bb animation_direction=\u00bbtop\u00bb animation_delay=\u00bb400ms\u00bb animation_speed_curve=\u00bbease-out\u00bb title_font_size_tablet=\u00bb25px\u00bb title_font_size_phone=\u00bb20px\u00bb title_font_size_last_edited=\u00bbon|tablet\u00bb subhead_font_size_tablet=\u00bb20px\u00bb subhead_font_size_phone=\u00bb18px\u00bb subhead_font_size_last_edited=\u00bbon|phone\u00bb custom_css_title=\u00bbbackground-color:rgba(0,0,0,0.8);||padding-top:10px;||border-top-left-radius:15px;||border-top-right-radius:15px;\u00bb custom_css_subtitle=\u00bbbackground-color:rgba(0,0,0,0.8);||padding-bottom:15px;||border-bottom-left-radius:15px;||border-bottom-right-radius:15px;\u00bb text_shadow_style=\u00bbpreset5&#8243; text_shadow_color=\u00bbrgba(0,0,0,0.25)\u00bb global_colors_info=\u00bb{}\u00bb][\/et_pb_fullwidth_header][\/et_pb_section][et_pb_section fb_built=\u00bb1&#8243; module_id=\u00bbpresentacion\u00bb _builder_version=\u00bb4.16&#8243; parallax=\u00bbon\u00bb parallax_method=\u00bboff\u00bb global_colors_info=\u00bb{}\u00bb][et_pb_row _builder_version=\u00bb4.16&#8243; use_background_color_gradient=\u00bbon\u00bb background_color_gradient_type=\u00bbcircular\u00bb background_color_gradient_stops=\u00bbrgba(255,255,255,0.75) 0%|#ffffff 50%\u00bb background_color_gradient_overlays_image=\u00bbon\u00bb background_color_gradient_start=\u00bbrgba(255,255,255,0.75)\u00bb background_color_gradient_end=\u00bb#ffffff\u00bb background_color_gradient_end_position=\u00bb50%\u00bb background_image=\u00bbhttp:\/\/www.caldererias.es\/wp-content\/uploads\/2019\/01\/planta-termosolar-gemasolar-hi-1.jpg\u00bb global_colors_info=\u00bb{}\u00bb][et_pb_column type=\u00bb4_4&#8243; _builder_version=\u00bb4.16&#8243; custom_padding=\u00bb|||\u00bb global_colors_info=\u00bb{}\u00bb custom_padding__hover=\u00bb|||\u00bb][et_pb_text _builder_version=\u00bb4.27.5&#8243; header_2_text_align=\u00bbcenter\u00bb header_2_text_color=\u00bb#f78f1e\u00bb text_orientation=\u00bbcenter\u00bb max_width=\u00bb50%\u00bb max_width_tablet=\u00bb\u00bb max_width_phone=\u00bb\u00bb max_width_last_edited=\u00bbon|desktop\u00bb module_alignment=\u00bbcenter\u00bb z_index_tablet=\u00bb500&#8243; global_colors_info=\u00bb{}\u00bb]<\/p>\n<h2>PACTO MUNDIAL<\/h2>\n<p>Calderer\u00edas Ind\u00e1licas , SL is attached to the Spanish Global Compact Network, in order to enhance the commitment acquired with our workers, environment and environment.<br \/>Calderer\u00edas Ind\u00e1licas, S.L. also has an Ethical Code of Conduct which endorses the pillars of our organisation.<\/p>\n<p><a href=\"http:\/\/www.caldererias.es\/wp-content\/uploads\/2019\/01\/CERT009-e1439545311500.jpg\" target=\"_blank\" rel=\"noopener\"><span style=\"color: #ff9900;\">Carta de adhesi\u00f3n<\/span><\/a><\/p>\n<p><a href=\"https:\/\/www.caldererias.es\/wp-content\/uploads\/2026\/03\/Caldererias-Indalicas-EINF-2024.pdf\"><span style=\"color: #ff9900;\">Informe de progreso 2024 CALDERER\u00cdAS IND\u00c1LICAS<\/span><\/a><\/p>\n<p>[\/et_pb_text][\/et_pb_column][\/et_pb_row][et_pb_row _builder_version=\u00bb4.16&#8243; use_background_color_gradient=\u00bbon\u00bb background_color_gradient_type=\u00bbcircular\u00bb background_color_gradient_stops=\u00bbrgba(255,255,255,0.75) 0%|#ffffff 50%\u00bb background_color_gradient_overlays_image=\u00bbon\u00bb background_color_gradient_start=\u00bbrgba(255,255,255,0.75)\u00bb background_color_gradient_end=\u00bb#ffffff\u00bb background_color_gradient_end_position=\u00bb50%\u00bb background_image=\u00bbhttp:\/\/www.caldererias.es\/wp-content\/uploads\/2019\/01\/planta-termosolar-gemasolar-hi-1.jpg\u00bb global_colors_info=\u00bb{}\u00bb][et_pb_column type=\u00bb4_4&#8243; _builder_version=\u00bb4.16&#8243; custom_padding=\u00bb|||\u00bb global_colors_info=\u00bb{}\u00bb custom_padding__hover=\u00bb|||\u00bb][et_pb_text _builder_version=\u00bb4.27.5&#8243; header_2_text_align=\u00bbcenter\u00bb header_2_text_color=\u00bb#f78f1e\u00bb text_orientation=\u00bbcenter\u00bb max_width=\u00bb50%\u00bb max_width_tablet=\u00bb\u00bb max_width_phone=\u00bb\u00bb max_width_last_edited=\u00bbon|desktop\u00bb module_alignment=\u00bbcenter\u00bb hover_enabled=\u00bb0&#8243; z_index_tablet=\u00bb500&#8243; global_colors_info=\u00bb{}\u00bb sticky_enabled=\u00bb0&#8243;]<\/p>\n<h2>\u00c9TICA y SALUD<\/h2>\n<p>Calderer\u00edas Ind\u00e1licas, S.L. dispone de un C\u00f3digo \u00c9tico de conducta donde se refrendan los pilares de nuestra Organizaci\u00f3n y de una estricta pol\u00edtica contra el consumo de alcohol y drogas.<\/p>\n<p><a href=\"https:\/\/www.caldererias.es\/wp-content\/uploads\/2024\/05\/CODIGO-ETICO-CI.pdf\"><span style=\"color: #ff9900;\">C\u00f3digo \u00e9tico interno<\/span><\/a><\/p>\n<p><a href=\"https:\/\/www.caldererias.es\/wp-content\/uploads\/2026\/03\/PT-511-CODIGO-DE-CONDUCTA-Y-REGIMEN-DISCIPLINARIO-REV05-1.pdf\"><span style=\"color: #ff9900;\">C\u00f3digo de conducta y r\u00e9gimen disciplinario<\/span><\/a><\/p>\n<p><a href=\"https:\/\/www.caldererias.es\/wp-content\/uploads\/2025\/04\/Cod_etico_externos-rev00.pdf\"><span style=\"color: #ff9900;\">Codigo \u00e9tico y de conducta de proveedores, subcontratistas y colaboradores<\/a><\/p>\n<p><a href=\"http:\/\/www.caldererias.es\/wp-content\/uploads\/2020\/10\/POL-AD_201020.png\"><span style=\"color: #ff9900;\">Pol\u00edtica de alcohol y drogas<\/span><\/a><\/p>\n<div id=\"simple-translate\" class=\"simple-translate-system-theme\">\n<div>\n<div class=\"simple-translate-button isShow\" style=\"background-image: url('moz-extension:\/\/aa01081c-b663-47f3-a2ed-f491c0c95765\/icons\/512.png'); height: 22px; width: 22px; top: 298px; left: 538px;\"><\/div>\n<div class=\"simple-translate-panel\" style=\"width: 300px; height: 200px; top: 0px; left: 0px; font-size: 13px;\">\n<div class=\"simple-translate-result-wrapper\" style=\"overflow: hidden;\">\n<div class=\"simple-translate-move\" draggable=\"true\"><\/div>\n<div class=\"simple-translate-result-contents\">\n<p class=\"simple-translate-result\" dir=\"auto\">\n<p class=\"simple-translate-candidate\" dir=\"auto\"><\/div>\n<\/div>\n<\/div>\n<\/div>\n<\/div>\n<p>[\/et_pb_text][\/et_pb_column][\/et_pb_row][et_pb_row _builder_version=\u00bb4.27.0&#8243; _module_preset=\u00bbdefault\u00bb global_colors_info=\u00bb{}\u00bb][et_pb_column type=\u00bb4_4&#8243; _builder_version=\u00bb4.27.0&#8243; _module_preset=\u00bbdefault\u00bb global_colors_info=\u00bb{}\u00bb][et_pb_text _builder_version=\u00bb4.27.0&#8243; header_2_text_align=\u00bbcenter\u00bb header_2_text_color=\u00bb#f78f1e\u00bb text_orientation=\u00bbcenter\u00bb max_width=\u00bb50%\u00bb max_width_tablet=\u00bb\u00bb max_width_phone=\u00bb\u00bb max_width_last_edited=\u00bbon|desktop\u00bb module_alignment=\u00bbcenter\u00bb hover_enabled=\u00bb0&#8243; z_index_tablet=\u00bb500&#8243; global_colors_info=\u00bb{}\u00bb sticky_enabled=\u00bb0&#8243;]<\/p>\n<h2>ACCIONES DE ASOCIACI\u00d3N O PATROCINIO<\/h2>\n<p>Calderer\u00edas Ind\u00e1licas, S.L. colabora activamente en la organizaci\u00f3n de eventos de car\u00e1cter social y patrocina diversos actos deportivos, concursos culturales y una asociaci\u00f3n sin \u00e1nimo de lucro de ayuda a la diversidad funcional.<\/p>\n<p><a href=\"https:\/\/www.caldererias.es\/noticias\/\"><span style=\"color: #ff9900;\">Ver las noticias<\/span><\/a><\/p>\n<p>[\/et_pb_text][\/et_pb_column][\/et_pb_row][et_pb_row _builder_version=\u00bb4.27.0&#8243; _module_preset=\u00bbdefault\u00bb global_colors_info=\u00bb{}\u00bb][et_pb_column type=\u00bb4_4&#8243; _builder_version=\u00bb4.27.0&#8243; _module_preset=\u00bbdefault\u00bb global_colors_info=\u00bb{}\u00bb][et_pb_text _builder_version=\u00bb4.27.0&#8243; header_2_text_align=\u00bbcenter\u00bb header_2_text_color=\u00bb#f78f1e\u00bb text_orientation=\u00bbcenter\u00bb max_width=\u00bb50%\u00bb max_width_tablet=\u00bb\u00bb max_width_phone=\u00bb\u00bb max_width_last_edited=\u00bbon|desktop\u00bb module_alignment=\u00bbcenter\u00bb z_index_tablet=\u00bb500&#8243; global_colors_info=\u00bb{}\u00bb]<\/p>\n<h2>PLAN DE IGUALDAD<\/h2>\n<p>CALDERER\u00cdAS IND\u00c1LICAS SL declara su compromiso con el establecimiento y desarrollo de pol\u00edticas que integren la igualdad de trato y oportunidades entre mujeres y hombres, sin discriminar directa o indirectamente por raz\u00f3n de sexo, as\u00ed como en el impulso y fomento de medidas para conseguir la igualdad real en nuestra organizaci\u00f3n.<\/p>\n<p><a href=\"https:\/\/www.caldererias.es\/wp-content\/uploads\/2025\/02\/PLAN-IGUALDAD-CI-Caldererias-Indalicas.pdf\" target=\"_blank\"><span style=\"color: #ff9900;\">Plan de Igualdad<\/span><\/a><\/p>\n<p><a href=\"https:\/\/www.caldererias.es\/wp-content\/uploads\/2025\/02\/Resolucion-Inscripcion-Plan-Igualdad-Caldererias-Indalicas-S.L.pdf\"><span style=\"color: #ff9900;\">Resoluci\u00f3n Inscripci\u00f3n Plan Igualdad Calderer\u00edas Ind\u00e1licas S.L.<\/span><\/a><\/p>\n<p><a href=\"https:\/\/www.caldererias.es\/wp-content\/uploads\/2025\/02\/Compromiso-con-la-igualdad-Luis-Llamas.pdf\"><span style=\"color: #ff9900;\">Compromiso de nuestro gerente con la igualdad<\/span><\/a><\/p>\n<p><a href=\"https:\/\/www.caldererias.es\/wp-content\/uploads\/2025\/02\/Guia-de-Ayuda-y-Proteccion-Victimas-Violencia-de-Genero.pdf\"><span style=\"color: #ff9900;\">Gu\u00eda de Ayuda y Protecci\u00f3n V\u00edctimas Violencia de G\u00e9nero<\/span><\/a><\/p>\n<p><a href=\"https:\/\/www.caldererias.es\/wp-content\/uploads\/2025\/02\/Guia-Lenguaje-Inclusivo.pdf\"><span style=\"color: #ff9900;\">Gu\u00eda Lenguaje Inclusivo<\/span><\/a><\/p>\n<p>[\/et_pb_text][\/et_pb_column][\/et_pb_row][\/et_pb_section][et_pb_section fb_built=\u00bb1&#8243; module_id=\u00bbpresentacion\u00bb _builder_version=\u00bb4.16&#8243; parallax=\u00bbon\u00bb parallax_method=\u00bboff\u00bb global_colors_info=\u00bb{}\u00bb][et_pb_row _builder_version=\u00bb4.16&#8243; use_background_color_gradient=\u00bbon\u00bb background_color_gradient_type=\u00bbcircular\u00bb background_color_gradient_stops=\u00bbrgba(255,255,255,0.75) 0%|#ffffff 50%\u00bb background_color_gradient_overlays_image=\u00bbon\u00bb background_color_gradient_start=\u00bbrgba(255,255,255,0.75)\u00bb background_color_gradient_end=\u00bb#ffffff\u00bb background_color_gradient_end_position=\u00bb50%\u00bb background_image=\u00bbhttp:\/\/www.caldererias.es\/wp-content\/uploads\/2019\/01\/planta-termosolar-gemasolar-hi-1.jpg\u00bb global_colors_info=\u00bb{}\u00bb][et_pb_column type=\u00bb4_4&#8243; _builder_version=\u00bb4.16&#8243; custom_padding=\u00bb|||\u00bb global_colors_info=\u00bb{}\u00bb custom_padding__hover=\u00bb|||\u00bb][et_pb_text _builder_version=\u00bb4.16&#8243; header_2_text_align=\u00bbcenter\u00bb header_2_text_color=\u00bb#f78f1e\u00bb text_orientation=\u00bbcenter\u00bb max_width=\u00bb50%\u00bb max_width_tablet=\u00bb\u00bb max_width_phone=\u00bb\u00bb max_width_last_edited=\u00bbon|desktop\u00bb module_alignment=\u00bbcenter\u00bb z_index_tablet=\u00bb500&#8243; global_colors_info=\u00bb{}\u00bb]<\/p>\n<h2>RENEWABLE ENERGY<\/h2>\n<p>Calderer\u00edas Ind\u00e1licas, consciente de la necesidad de hacer compatible el desarrollo econ\u00f3mico con el desarrollo social y ambiental, as\u00ed como de hacer una gesti\u00f3n empresarial sostenible desde el triple punto de vista econ\u00f3mico, social y ambiental y la creaci\u00f3n de valor a largo plazo, adopta una postura empresarial activa orientada a la sostenibilidad y al compromiso medioambiental.<\/p>\n<p>[\/et_pb_text][et_pb_toggle title=\u00bbAlgunos de nuestros proyectos de energ\u00eda renovable\u00bb open_toggle_text_color=\u00bb#00576b\u00bb open_toggle_background_color=\u00bb#ffffff\u00bb closed_toggle_text_color=\u00bb#00576b\u00bb closed_toggle_background_color=\u00bb#ffffff\u00bb icon_color=\u00bb#f78f1e\u00bb open_icon_color=\u00bb#f78f1e\u00bb _builder_version=\u00bb4.16&#8243; title_level=\u00bbh3&#8243; title_font=\u00bb||||||||\u00bb title_font_size=\u00bb16px\u00bb body_font=\u00bb||||||||\u00bb body_text_color=\u00bb#000000&#8243; body_font_size=\u00bb12px\u00bb max_width=\u00bb80%\u00bb module_alignment=\u00bbcenter\u00bb border_width_all=\u00bb0px\u00bb box_shadow_style=\u00bbpreset1&#8243; box_shadow_color=\u00bbrgba(0,0,0,0.06)\u00bb global_colors_info=\u00bb{}\u00bb]<\/p>\n<ul>\n<li>Fabricaci\u00f3n y montaje 5 Equipos de HTF y de rebose y expansi\u00f3n en la planta termosolar\u00a0 NOOR1 en Ouarzazate, Marruecos<\/li>\n<li>Fabricaci\u00f3n y montaje de 7 Depositos a presi\u00f3n de HTF, Drenaje y Ullaje en la planta termosolar\u00a0 NOOR1 en Ouarzazate, Marruecos<\/li>\n<li>Fabricaci\u00f3n y montaje de\u00a0Tuber\u00edas colector HTF de campo solar en la planta termosolar\u00a0 NOOR1 en Ouarzazate, Marruecos<\/li>\n<li>Fabricaci\u00f3n de 2 Intercambiadores de calor en la planta termosolar XINA Solar One en Sud\u00e1frica<\/li>\n<li>Fabricaci\u00f3n de\u00a08 Depositos a presi\u00f3n de HTF, Drenaje, Servicio y Fuel Oil en la planta termosolar XINA Solar One en Sud\u00e1frica<\/li>\n<li>Fabricaci\u00f3n de 8 Depositos a presi\u00f3n de HTF, Drenaje, Servicio y Fuel Oil en la planta termosolar KAXU Solar One en Sud\u00e1frica<\/li>\n<li>Fabricaci\u00f3n y montaje de 6 Depositos a presi\u00f3n de Rebose y Expansi\u00f3n en la planta termosolar SAMCASOL 1\/2 en Badajoz<\/li>\n<li>Fabricaci\u00f3n y montaje de tuber\u00edas para campo solar (colectores, crossovers e interconexiones) en la planta termosolar SAMCASOL 1 y 2 en Badajoz<\/li>\n<li>Fabricaci\u00f3n y montaje de tuber\u00edas para campo solar (colectores, crossovers e interconexiones) en la planta termosolar Valle 1 y 2 en C\u00e1diz<\/li>\n<li>Fabricaci\u00f3n y montaje de\u00a02 Depositos a presi\u00f3n (Steam vessels) en la planta termosolar Errado Solar 2 en Murcia<\/li>\n<li>Fabricaci\u00f3n y montaje de tuber\u00edas bloque de potencia en la planta termosolar Mor\u00f3n, en Sevilla<\/li>\n<li>Fabricaci\u00f3n y montaje de 5 Depositos a presi\u00f3n de Rebose, Expansi\u00f3n y almacenamiento en planta termosolar La Africana, en C\u00f3rdoba<\/li>\n<li>Fabricaci\u00f3n y montaje de tuber\u00edas bloque de potencia en planta termosolar Termosol 1 en Badajoz<\/li>\n<li>Fabricaci\u00f3n y montaje de tuber\u00edas colectores campo solar en planta termosolar Arenales, Sevilla<\/li>\n<li>Fabricaci\u00f3n y montaje de 3 Depositos a presi\u00f3n de rebose y expansi\u00f3n en planta termosolar La Africana, en C\u00f3rdoba<\/li>\n<li>Fabricaci\u00f3n y montaje de tuber\u00edas colectores campo solar en planta termosolar La Africana en C\u00f3rdoba<\/li>\n<li type=\"_moz\">Fabricaci\u00f3n de 2 Depositos drenaje de sales en planta termosolar Andasol 1 y 2 en Granada<\/li>\n<\/ul>\n<p>[\/et_pb_toggle][\/et_pb_column][\/et_pb_row][\/et_pb_section][et_pb_section fb_built=\u00bb1&#8243; module_id=\u00bbequipo\u00bb _builder_version=\u00bb4.16&#8243; background_color=\u00bb#00414c\u00bb parallax=\u00bbon\u00bb parallax_method=\u00bboff\u00bb animation_style=\u00bbslide\u00bb animation_direction=\u00bbtop\u00bb global_colors_info=\u00bb{}\u00bb][et_pb_row _builder_version=\u00bb4.16&#8243; global_colors_info=\u00bb{}\u00bb][et_pb_column type=\u00bb4_4&#8243; _builder_version=\u00bb4.16&#8243; custom_padding=\u00bb|||\u00bb global_colors_info=\u00bb{}\u00bb custom_padding__hover=\u00bb|||\u00bb][et_pb_text _builder_version=\u00bb4.16&#8243; text_font=\u00bb||||||||\u00bb text_text_color=\u00bb#ffffff\u00bb header_font=\u00bb||||||||\u00bb header_2_font=\u00bb||||||||\u00bb header_2_text_align=\u00bbcenter\u00bb header_2_text_color=\u00bb#ffffff\u00bb text_orientation=\u00bbcenter\u00bb global_colors_info=\u00bb{}\u00bb]<\/p>\n<h2>CROSSING BORDERS<\/h2>\n<p>We are inspired by our deep involvement with the ambitious goal of a complete change to the renewable energy model in the near future.<\/p>\n<p>[\/et_pb_text][\/et_pb_column][\/et_pb_row][et_pb_row column_structure=\u00bb1_3,1_3,1_3&#8243; _builder_version=\u00bb4.16&#8243; custom_padding=\u00bb0|0px|70.2656px|0px|false|false\u00bb global_colors_info=\u00bb{}\u00bb][et_pb_column type=\u00bb1_3&#8243; _builder_version=\u00bb4.16&#8243; custom_padding=\u00bb|||\u00bb global_colors_info=\u00bb{}\u00bb custom_padding__hover=\u00bb|||\u00bb][et_pb_blurb title=\u00bbEnergia Termosolar\u00bb use_icon=\u00bbon\u00bb font_icon=\u00bb&#x52;||divi||400&#8243; icon_color=\u00bb#ea3a3c\u00bb image_icon_width=\u00bb55px\u00bb _builder_version=\u00bb4.16&#8243; header_level=\u00bbh3&#8243; header_font=\u00bb||||||||\u00bb header_text_color=\u00bb#ffffff\u00bb header_font_size=\u00bb13px\u00bb text_orientation=\u00bbcenter\u00bb background_layout=\u00bbdark\u00bb icon_font_size=\u00bb55px\u00bb global_colors_info=\u00bb{}\u00bb][\/et_pb_blurb][\/et_pb_column][et_pb_column type=\u00bb1_3&#8243; _builder_version=\u00bb4.16&#8243; custom_padding=\u00bb|||\u00bb global_colors_info=\u00bb{}\u00bb custom_padding__hover=\u00bb|||\u00bb][et_pb_blurb title=\u00bbEnerg\u00eda hidr\u00e1ulica\u00bb use_icon=\u00bbon\u00bb font_icon=\u00bb&#x52;||divi||400&#8243; icon_color=\u00bb#ea3a3c\u00bb image_icon_width=\u00bb55px\u00bb _builder_version=\u00bb4.16&#8243; header_level=\u00bbh3&#8243; header_font=\u00bb||||||||\u00bb header_text_color=\u00bb#ffffff\u00bb header_font_size=\u00bb13px\u00bb text_orientation=\u00bbcenter\u00bb background_layout=\u00bbdark\u00bb icon_font_size=\u00bb55px\u00bb global_colors_info=\u00bb{}\u00bb][\/et_pb_blurb][\/et_pb_column][et_pb_column type=\u00bb1_3&#8243; _builder_version=\u00bb4.16&#8243; custom_padding=\u00bb|||\u00bb global_colors_info=\u00bb{}\u00bb custom_padding__hover=\u00bb|||\u00bb][et_pb_blurb title=\u00bbPlantas de biomasa\u00bb use_icon=\u00bbon\u00bb font_icon=\u00bb&#x52;||divi||400&#8243; icon_color=\u00bb#ea3a3c\u00bb image_icon_width=\u00bb55px\u00bb _builder_version=\u00bb4.16&#8243; header_level=\u00bbh3&#8243; header_font=\u00bb||||||||\u00bb header_text_color=\u00bb#ffffff\u00bb header_font_size=\u00bb13px\u00bb body_font=\u00bb||||||||\u00bb text_orientation=\u00bbcenter\u00bb background_layout=\u00bbdark\u00bb icon_font_size=\u00bb55px\u00bb global_colors_info=\u00bb{}\u00bb][\/et_pb_blurb][\/et_pb_column][\/et_pb_row][\/et_pb_section][et_pb_section fb_built=\u00bb1&#8243; module_id=\u00bblocalizacion\u00bb _builder_version=\u00bb4.16&#8243; background_image=\u00bbhttp:\/\/www.caldererias.es\/wp-content\/uploads\/2019\/01\/fondo2.png\u00bb parallax=\u00bbon\u00bb parallax_method=\u00bboff\u00bb global_colors_info=\u00bb{}\u00bb][et_pb_row _builder_version=\u00bb4.16&#8243; use_background_color_gradient=\u00bbon\u00bb background_color_gradient_type=\u00bbcircular\u00bb background_color_gradient_stops=\u00bbrgba(255,255,255,0.75) 0%|#ffffff 50%\u00bb background_color_gradient_overlays_image=\u00bbon\u00bb background_color_gradient_start=\u00bbrgba(255,255,255,0.75)\u00bb background_color_gradient_end=\u00bb#ffffff\u00bb background_color_gradient_end_position=\u00bb50%\u00bb background_image=\u00bbhttp:\/\/www.caldererias.es\/wp-content\/uploads\/2019\/01\/banner3.jpg\u00bb background_position=\u00bbbottom_right\u00bb global_colors_info=\u00bb{}\u00bb][et_pb_column type=\u00bb4_4&#8243; _builder_version=\u00bb4.16&#8243; custom_padding=\u00bb|||\u00bb global_colors_info=\u00bb{}\u00bb custom_padding__hover=\u00bb|||\u00bb][et_pb_text _builder_version=\u00bb4.16&#8243; text_font=\u00bb||||||||\u00bb header_font=\u00bb||||||||\u00bb header_2_font=\u00bb||||||||\u00bb text_orientation=\u00bbcenter\u00bb max_width=\u00bb60%\u00bb module_alignment=\u00bbcenter\u00bb header_2_font_size_tablet=\u00bb20px\u00bb header_2_font_size_phone=\u00bb\u00bb header_2_font_size_last_edited=\u00bbon|tablet\u00bb global_colors_info=\u00bb{}\u00bb]<\/p>\n<h2>IN POSS OF PROGRESS<\/h2>\n<p>[\/et_pb_text][\/et_pb_column][\/et_pb_row][\/et_pb_section][et_pb_section fb_built=\u00bb1&#8243; _builder_version=\u00bb3.21.1&#8243; background_color=\u00bb#00414c\u00bb background_image=\u00bbhttp:\/\/www.caldererias.es\/wp-content\/uploads\/2019\/01\/fondo2.png\u00bb parallax=\u00bbon\u00bb parallax_method=\u00bboff\u00bb global_module=\u00bb356&#8243; saved_tabs=\u00bball\u00bb collapsed=\u00bboff\u00bb global_colors_info=\u00bb{}\u00bb][et_pb_row _builder_version=\u00bb4.16&#8243; global_colors_info=\u00bb{}\u00bb][et_pb_column type=\u00bb4_4&#8243; _builder_version=\u00bb4.16&#8243; custom_padding=\u00bb|||\u00bb global_colors_info=\u00bb{}\u00bb custom_padding__hover=\u00bb|||\u00bb][et_pb_blurb title=\u00bb\u00bfTienes alguna consulta?\u00bb url=\u00bbhttp:\/\/www.caldererias.es\/contacto\/\u00bb use_icon=\u00bbon\u00bb font_icon=\u00bb&#xe010;||divi||400&#8243; icon_color=\u00bb#ffffff\u00bb _builder_version=\u00bb4.16&#8243; header_level=\u00bbh2&#8243; header_font=\u00bb||||||||\u00bb header_text_color=\u00bb#ffffff\u00bb body_font=\u00bb||||||||\u00bb body_text_color=\u00bb#ffffff\u00bb text_orientation=\u00bbcenter\u00bb link_option_url=\u00bbhttp:\/\/www.caldererias.es\/contacto\/\u00bb global_colors_info=\u00bb{}\u00bb]<\/p>\n<p>CONTACT US<\/p>\n<p>[\/et_pb_blurb][et_pb_social_media_follow _builder_version=\u00bb4.27.0&#8243; _module_preset=\u00bbdefault\u00bb global_colors_info=\u00bb{}\u00bb][et_pb_social_media_follow_network social_network=\u00bbfacebook\u00bb url=\u00bbhttps:\/\/www.facebook.com\/share\/197EaG1ngz\/\u00bb _builder_version=\u00bb4.27.0&#8243; _module_preset=\u00bbdefault\u00bb background_color=\u00bb#3b5998&#8243; global_colors_info=\u00bb{}\u00bb follow_button=\u00bboff\u00bb url_new_window=\u00bbon\u00bb]facebook[\/et_pb_social_media_follow_network][et_pb_social_media_follow_network social_network=\u00bbinstagram\u00bb url=\u00bbhttps:\/\/www.instagram.com\/caldererias_indalicas?igsh=MXB5cmoxYWRiZTd3dg==\u00bb _builder_version=\u00bb4.27.0&#8243; _module_preset=\u00bbdefault\u00bb background_color=\u00bb#ea2c59&#8243; global_colors_info=\u00bb{}\u00bb follow_button=\u00bboff\u00bb url_new_window=\u00bbon\u00bb]instagram[\/et_pb_social_media_follow_network][et_pb_social_media_follow_network social_network=\u00bblinkedin\u00bb url=\u00bbhttps:\/\/es.linkedin.com\/company\/calderer-as-ind-licas-sl\u00bb _builder_version=\u00bb4.27.0&#8243; _module_preset=\u00bbdefault\u00bb background_color=\u00bb#007bb6&#8243; global_colors_info=\u00bb{}\u00bb follow_button=\u00bboff\u00bb url_new_window=\u00bbon\u00bb]linkedin[\/et_pb_social_media_follow_network][\/et_pb_social_media_follow][\/et_pb_column][\/et_pb_row][\/et_pb_section]<\/p>","protected":false},"excerpt":{"rendered":"<p>PACTO MUNDIAL Calderer\u00edas Ind\u00e1licas, S.L. est\u00e1 adherida a la Red Espa\u00f1ola del Pacto Mundial, con el fin de potenciar el compromiso adquirido con nuestros trabajadores, entorno y medio ambiente.As\u00ed mismo, Calderer\u00edas Ind\u00e1licas, S.L. dispone de un C\u00f3digo \u00c9tico de conducta donde se refrendan los pilares de nuestra Organizaci\u00f3n. Carta de adhesi\u00f3n Informe de progreso 2024 [&hellip;]<\/p>","protected":false},"author":1,"featured_media":0,"parent":0,"menu_order":0,"comment_status":"closed","ping_status":"closed","template":"","meta":{"_et_pb_use_builder":"on","_et_pb_old_content":"","_et_gb_content_width":"","footnotes":""},"class_list":["post-340","page","type-page","status-publish","hentry"],"_links":{"self":[{"href":"https:\/\/www.caldererias.es\/en\/wp-json\/wp\/v2\/pages\/340","targetHints":{"allow":["GET"]}}],"collection":[{"href":"https:\/\/www.caldererias.es\/en\/wp-json\/wp\/v2\/pages"}],"about":[{"href":"https:\/\/www.caldererias.es\/en\/wp-json\/wp\/v2\/types\/page"}],"author":[{"embeddable":true,"href":"https:\/\/www.caldererias.es\/en\/wp-json\/wp\/v2\/users\/1"}],"replies":[{"embeddable":true,"href":"https:\/\/www.caldererias.es\/en\/wp-json\/wp\/v2\/comments?post=340"}],"version-history":[{"count":37,"href":"https:\/\/www.caldererias.es\/en\/wp-json\/wp\/v2\/pages\/340\/revisions"}],"predecessor-version":[{"id":5065,"href":"https:\/\/www.caldererias.es\/en\/wp-json\/wp\/v2\/pages\/340\/revisions\/5065"}],"wp:attachment":[{"href":"https:\/\/www.caldererias.es\/en\/wp-json\/wp\/v2\/media?parent=340"}],"curies":[{"name":"wp","href":"https:\/\/api.w.org\/{rel}","templated":true}]}}