{"id":4135,"date":"2024-04-16T14:02:35","date_gmt":"2024-04-16T12:02:35","guid":{"rendered":"https:\/\/www.caldererias.es\/?page_id=4135"},"modified":"2025-02-26T13:15:24","modified_gmt":"2025-02-26T12:15:24","slug":"canal-de-denuncias","status":"publish","type":"page","link":"https:\/\/www.caldererias.es\/en\/canal-de-denuncias\/","title":{"rendered":"Canal de denuncias"},"content":{"rendered":"<p>[et_pb_section fb_built=\u00bb1&#8243; fullwidth=\u00bbon\u00bb _builder_version=\u00bb4.16&#8243; background_image=\u00bbhttp:\/\/www.caldererias.es\/wp-content\/uploads\/2019\/01\/rsc.jpg\u00bb global_colors_info=\u00bb{}\u00bb][et_pb_fullwidth_header title=\u00bbCanal de denuncias\u00bb subhead=\u00bbNos preocupamos de garantizar los derechos previstos en la Ley Org\u00e1nica 2\/2023.\u00bb text_orientation=\u00bbcenter\u00bb header_fullscreen=\u00bbon\u00bb button_one_url=\u00bbhttp:\/\/www.caldererias.es\/empresa\/\u00bb content_max_width=\u00bb65%\u00bb content_max_width_tablet=\u00bb\u00bb content_max_width_phone=\u00bb\u00bb content_max_width_last_edited=\u00bbon|desktop\u00bb _builder_version=\u00bb4.16&#8243; title_text_color=\u00bb#f78f1e\u00bb title_font_size=\u00bb35px\u00bb subhead_text_color=\u00bb#ffffff\u00bb subhead_font_size=\u00bb28px\u00bb background_color=\u00bbrgba(0,87,107,0)\u00bb use_background_color_gradient=\u00bbon\u00bb background_color_gradient_stops=\u00bb#ffffff 3%|rgba(255,255,255,0) 15%\u00bb background_color_gradient_start=\u00bb#ffffff\u00bb background_color_gradient_start_position=\u00bb3%\u00bb background_color_gradient_end=\u00bbrgba(255,255,255,0)\u00bb background_color_gradient_end_position=\u00bb15%\u00bb parallax=\u00bbon\u00bb custom_button_one=\u00bbon\u00bb button_one_text_size=\u00bb25px\u00bb button_one_icon=\u00bb&#x39;||divi||400&#8243; animation_style=\u00bbslide\u00bb animation_direction=\u00bbtop\u00bb animation_delay=\u00bb400ms\u00bb animation_speed_curve=\u00bbease-out\u00bb title_font_size_tablet=\u00bb25px\u00bb title_font_size_phone=\u00bb20px\u00bb title_font_size_last_edited=\u00bbon|tablet\u00bb subhead_font_size_tablet=\u00bb20px\u00bb subhead_font_size_phone=\u00bb18px\u00bb subhead_font_size_last_edited=\u00bbon|phone\u00bb z_index_tablet=\u00bb500&#8243; custom_css_title=\u00bbbackground-color:rgba(0,0,0,0.8);||padding-top:10px;||border-top-left-radius:15px;||border-top-right-radius:15px;\u00bb custom_css_subtitle=\u00bbbackground-color:rgba(0,0,0,0.8);||padding-bottom:15px;||border-bottom-left-radius:15px;||border-bottom-right-radius:15px;\u00bb text_shadow_style=\u00bbpreset5&#8243; text_shadow_color=\u00bbrgba(0,0,0,0.25)\u00bb global_colors_info=\u00bb{}\u00bb][\/et_pb_fullwidth_header][\/et_pb_section][et_pb_section fb_built=\u00bb1&#8243; _builder_version=\u00bb4.16&#8243; global_colors_info=\u00bb{}\u00bb][et_pb_row _builder_version=\u00bb4.16&#8243; background_size=\u00bbinitial\u00bb background_position=\u00bbtop_left\u00bb background_repeat=\u00bbrepeat\u00bb global_colors_info=\u00bb{}\u00bb column_structure=\u00bb3_4,1_4&#8243;][et_pb_column type=\u00bb3_4&#8243; _builder_version=\u00bb4.16&#8243; custom_padding=\u00bb|||\u00bb global_colors_info=\u00bb{}\u00bb custom_padding__hover=\u00bb|||\u00bb][et_pb_text _builder_version=\u00bb4.27.0&#8243; header_2_text_align=\u00bbcenter\u00bb header_2_text_color=\u00bb#f78f1e\u00bb text_orientation=\u00bbcenter\u00bb max_width=\u00bb50%\u00bb max_width_tablet=\u00bb\u00bb max_width_phone=\u00bb\u00bb max_width_last_edited=\u00bbon|desktop\u00bb module_alignment=\u00bbcenter\u00bb z_index_tablet=\u00bb500&#8243; global_colors_info=\u00bb{}\u00bb]<\/p>\n<h2 style=\"text-align: left;\">COMPROMETIDOS CONTRA EL ACOSO<\/h2>\n<p style=\"text-align: left;\">A trav\u00e9s del Canal Interno de Denuncias de CALDERER\u00cdAS IND\u00c1LICAS S.L., mostramos nuestro firme compromiso de no tolerancia y lucha contra cualquier tipo de actos de discriminaci\u00f3n producida en el \u00e1mbito laboral, as\u00ed como garantizar que cualquier conducta il\u00edcita o irregular sea investigada en aplicaci\u00f3n a la legislaci\u00f3n vigente.<\/p>\n<p style=\"text-align: left;\">El sistema permite reportar, de forma an\u00f3nima, cualquier actuaci\u00f3n que suponga una efectiva limitaci\u00f3n de los derechos y garant\u00edas previstos en la <span class=\"common__tiny-link-span\">L 2\/2023 (ver enlace y c\u00f3digo QR)<\/span><\/p>\n<div id=\"simple-translate\" class=\"simple-translate-light-theme\">\n<div>\n<div class=\"simple-translate-button isShow\" style=\"background-image: url('moz-extension:\/\/c99d113a-7b9d-4020-907c-f940147aafb8\/icons\/512.png'); height: 22px; width: 22px; top: 252px; left: 434px;\"><\/div>\n<div class=\"simple-translate-panel\" style=\"width: 300px; height: 200px; top: 0px; left: 0px; font-size: 13px;\">\n<div class=\"simple-translate-result-wrapper\" style=\"overflow: hidden;\">\n<div class=\"simple-translate-move\" draggable=\"true\"><\/div>\n<div class=\"simple-translate-result-contents\">\n<p class=\"simple-translate-result\" dir=\"auto\">\n<p class=\"simple-translate-candidate\" dir=\"auto\">\n<\/div>\n<\/div>\n<\/div>\n<\/div>\n<\/div>\n<p>[\/et_pb_text][\/et_pb_column][et_pb_column type=\u00bb1_4&#8243; _builder_version=\u00bb4.16&#8243; custom_padding=\u00bb|||\u00bb global_colors_info=\u00bb{}\u00bb custom_padding__hover=\u00bb|||\u00bb][et_pb_text _builder_version=\u00bb4.16&#8243; text_font_size=\u00bb18px\u00bb z_index_tablet=\u00bb500&#8243; global_colors_info=\u00bb{}\u00bb]<\/p>\n<p><a href=\"https:\/\/centinela.lefebvre.es\/public\/concept\/1991767?access=5x4cKZuGHtz%2fgMqKTrpg%2fcpd72cgh5LTrSlp2w98yrA%3d\" target=\"_blank\" rel=\"noopener\"><span style=\"color: #ff9900;\">Canal de denuncias de Lefebvre<\/span><\/a><\/p>\n<p>[\/et_pb_text][et_pb_image src=\u00bbhttps:\/\/www.caldererias.es\/wp-content\/uploads\/2024\/04\/QR-canal-denuncias.png\u00bb url=\u00bbhttps:\/\/centinela.lefebvre.es\/public\/concept\/1991767?access=5x4cKZuGHtz%2fgMqKTrpg%2fcpd72cgh5LTrSlp2w98yrA%3d\u00bb align_tablet=\u00bbcenter\u00bb align_last_edited=\u00bbon|desktop\u00bb _builder_version=\u00bb4.16&#8243; z_index_tablet=\u00bb500&#8243; global_colors_info=\u00bb{}\u00bb align_phone=\u00bbcenter\u00bb][\/et_pb_image][\/et_pb_column][\/et_pb_row][\/et_pb_section][et_pb_section fb_built=\u00bb1&#8243; theme_builder_area=\u00bbpost_content\u00bb _builder_version=\u00bb4.27.0&#8243; _module_preset=\u00bbdefault\u00bb][et_pb_row _builder_version=\u00bb4.27.0&#8243; _module_preset=\u00bbdefault\u00bb theme_builder_area=\u00bbpost_content\u00bb][et_pb_column _builder_version=\u00bb4.27.0&#8243; _module_preset=\u00bbdefault\u00bb type=\u00bb4_4&#8243; theme_builder_area=\u00bbpost_content\u00bb][et_pb_social_media_follow _builder_version=\u00bb4.27.0&#8243; _module_preset=\u00bbdefault\u00bb hover_enabled=\u00bb0&#8243; global_colors_info=\u00bb{}\u00bb sticky_enabled=\u00bb0&#8243; locked=\u00bboff\u00bb theme_builder_area=\u00bbpost_content\u00bb][et_pb_social_media_follow_network social_network=\u00bbfacebook\u00bb url=\u00bbhttps:\/\/www.facebook.com\/share\/197EaG1ngz\/\u00bb _builder_version=\u00bb4.27.0&#8243; _module_preset=\u00bbdefault\u00bb background_color=\u00bb#3b5998&#8243; global_colors_info=\u00bb{}\u00bb follow_button=\u00bboff\u00bb url_new_window=\u00bbon\u00bb theme_builder_area=\u00bbpost_content\u00bb]facebook[\/et_pb_social_media_follow_network][et_pb_social_media_follow_network social_network=\u00bbinstagram\u00bb url=\u00bbhttps:\/\/www.instagram.com\/caldererias_indalicas?igsh=MXB5cmoxYWRiZTd3dg==\u00bb _builder_version=\u00bb4.27.0&#8243; _module_preset=\u00bbdefault\u00bb background_color=\u00bb#ea2c59&#8243; global_colors_info=\u00bb{}\u00bb follow_button=\u00bboff\u00bb url_new_window=\u00bbon\u00bb theme_builder_area=\u00bbpost_content\u00bb]instagram[\/et_pb_social_media_follow_network][et_pb_social_media_follow_network social_network=\u00bblinkedin\u00bb url=\u00bbhttps:\/\/es.linkedin.com\/company\/calderer-as-ind-licas-sl\u00bb _builder_version=\u00bb4.27.0&#8243; _module_preset=\u00bbdefault\u00bb background_color=\u00bb#007bb6&#8243; global_colors_info=\u00bb{}\u00bb follow_button=\u00bboff\u00bb url_new_window=\u00bbon\u00bb theme_builder_area=\u00bbpost_content\u00bb]linkedin[\/et_pb_social_media_follow_network][\/et_pb_social_media_follow][\/et_pb_column][\/et_pb_row][\/et_pb_section]<\/p>","protected":false},"excerpt":{"rendered":"<p>COMPROMETIDOS CONTRA EL ACOSO A trav\u00e9s del Canal Interno de Denuncias de CALDERER\u00cdAS IND\u00c1LICAS S.L., mostramos nuestro firme compromiso de no tolerancia y lucha contra cualquier tipo de actos de discriminaci\u00f3n producida en el \u00e1mbito laboral, as\u00ed como garantizar que cualquier conducta il\u00edcita o irregular sea investigada en aplicaci\u00f3n a la legislaci\u00f3n vigente. El sistema [&hellip;]<\/p>","protected":false},"author":2,"featured_media":0,"parent":0,"menu_order":0,"comment_status":"closed","ping_status":"closed","template":"","meta":{"_et_pb_use_builder":"on","_et_pb_old_content":"","_et_gb_content_width":"","footnotes":""},"class_list":["post-4135","page","type-page","status-publish","hentry"],"_links":{"self":[{"href":"https:\/\/www.caldererias.es\/en\/wp-json\/wp\/v2\/pages\/4135","targetHints":{"allow":["GET"]}}],"collection":[{"href":"https:\/\/www.caldererias.es\/en\/wp-json\/wp\/v2\/pages"}],"about":[{"href":"https:\/\/www.caldererias.es\/en\/wp-json\/wp\/v2\/types\/page"}],"author":[{"embeddable":true,"href":"https:\/\/www.caldererias.es\/en\/wp-json\/wp\/v2\/users\/2"}],"replies":[{"embeddable":true,"href":"https:\/\/www.caldererias.es\/en\/wp-json\/wp\/v2\/comments?post=4135"}],"version-history":[{"count":22,"href":"https:\/\/www.caldererias.es\/en\/wp-json\/wp\/v2\/pages\/4135\/revisions"}],"predecessor-version":[{"id":4738,"href":"https:\/\/www.caldererias.es\/en\/wp-json\/wp\/v2\/pages\/4135\/revisions\/4738"}],"wp:attachment":[{"href":"https:\/\/www.caldererias.es\/en\/wp-json\/wp\/v2\/media?parent=4135"}],"curies":[{"name":"wp","href":"https:\/\/api.w.org\/{rel}","templated":true}]}}