{"id":145,"date":"2018-05-16T14:06:26","date_gmt":"2018-05-16T14:06:26","guid":{"rendered":"http:\/\/www.caldererias.es\/?page_id=145"},"modified":"2022-09-23T10:51:33","modified_gmt":"2022-09-23T08:51:33","slug":"contacto","status":"publish","type":"page","link":"https:\/\/www.caldererias.es\/fr\/contacto\/","title":{"rendered":"Contacto"},"content":{"rendered":"<p>[et_pb_section bb_built=\u00bb1&#8243; admin_label=\u00bbsection\u00bb _builder_version=\u00bb3.21.1&#8243; parallax=\u00bbon\u00bb parallax_method=\u00bboff\u00bb saved_tabs=\u00bball\u00bb global_module=\u00bb202&#8243; next_background_color=\u00bb#ea3a3c\u00bb][et_pb_row admin_label=\u00bbrow\u00bb global_parent=\u00bb202&#8243; _builder_version=\u00bb3.0.47&#8243; background_size=\u00bbinitial\u00bb background_position=\u00bbtop_left\u00bb background_repeat=\u00bbrepeat\u00bb][et_pb_column type=\u00bb4_4&#8243;][et_pb_contact_form global_parent=\u00bb202&#8243; email=\u00bbcaldererias@caldererias.es\u00bb title=\u00bbContactar con nosotros\u00bb custom_message=\u00bbNombre: %%Name%%||et_pb_line_break_holder||Correo: %%Email%%||et_pb_line_break_holder||Asunto: %%Topic%%||et_pb_line_break_holder||||et_pb_line_break_holder||Mensaje: %%Message%%\u00bb success_message=\u00bb\u00a1Gracias por su mensaje!\u00bb form_background_color=\u00bb#f2f2f2&#8243; module_id=\u00bbet_pb_contact_form_0&#8243; _builder_version=\u00bb3.21.1&#8243; title_font=\u00bb|700|||||||\u00bb title_text_align=\u00bbcenter\u00bb title_font_size=\u00bb22px\u00bb form_field_text_color=\u00bb#00414c\u00bb max_width=\u00bb70%\u00bb max_width_last_edited=\u00bbon|desktop\u00bb module_alignment=\u00bbcenter\u00bb z_index_tablet=\u00bb500&#8243;][et_pb_contact_field field_id=\u00bbName\u00bb field_title=\u00bbNombre\u00bb _builder_version=\u00bb3.16&#8243; border_radii=\u00bbon||||\u00bb button_text_size__hover_enabled=\u00bboff\u00bb button_one_text_size__hover_enabled=\u00bboff\u00bb button_two_text_size__hover_enabled=\u00bboff\u00bb button_text_color__hover_enabled=\u00bboff\u00bb button_one_text_color__hover_enabled=\u00bboff\u00bb button_two_text_color__hover_enabled=\u00bboff\u00bb button_border_width__hover_enabled=\u00bboff\u00bb button_one_border_width__hover_enabled=\u00bboff\u00bb button_two_border_width__hover_enabled=\u00bboff\u00bb button_border_color__hover_enabled=\u00bboff\u00bb button_one_border_color__hover_enabled=\u00bboff\u00bb button_two_border_color__hover_enabled=\u00bboff\u00bb button_border_radius__hover_enabled=\u00bboff\u00bb button_one_border_radius__hover_enabled=\u00bboff\u00bb button_two_border_radius__hover_enabled=\u00bboff\u00bb button_letter_spacing__hover_enabled=\u00bboff\u00bb button_one_letter_spacing__hover_enabled=\u00bboff\u00bb button_two_letter_spacing__hover_enabled=\u00bboff\u00bb button_bg_color__hover_enabled=\u00bboff\u00bb button_one_bg_color__hover_enabled=\u00bboff\u00bb button_two_bg_color__hover_enabled=\u00bboff\u00bb][\/et_pb_contact_field][et_pb_contact_field field_id=\u00bbEmail\u00bb field_title=\u00bbCorreo electr\u00f3nico\u00bb field_type=\u00bbemail\u00bb _builder_version=\u00bb3.19.4&#8243; border_radii=\u00bbon||||\u00bb button_text_size__hover_enabled=\u00bboff\u00bb button_one_text_size__hover_enabled=\u00bboff\u00bb button_two_text_size__hover_enabled=\u00bboff\u00bb button_text_color__hover_enabled=\u00bboff\u00bb button_one_text_color__hover_enabled=\u00bboff\u00bb button_two_text_color__hover_enabled=\u00bboff\u00bb button_border_width__hover_enabled=\u00bboff\u00bb button_one_border_width__hover_enabled=\u00bboff\u00bb button_two_border_width__hover_enabled=\u00bboff\u00bb button_border_color__hover_enabled=\u00bboff\u00bb button_one_border_color__hover_enabled=\u00bboff\u00bb button_two_border_color__hover_enabled=\u00bboff\u00bb button_border_radius__hover_enabled=\u00bboff\u00bb button_one_border_radius__hover_enabled=\u00bboff\u00bb button_two_border_radius__hover_enabled=\u00bboff\u00bb button_letter_spacing__hover_enabled=\u00bboff\u00bb button_one_letter_spacing__hover_enabled=\u00bboff\u00bb button_two_letter_spacing__hover_enabled=\u00bboff\u00bb button_bg_color__hover_enabled=\u00bboff\u00bb button_one_bg_color__hover_enabled=\u00bboff\u00bb button_two_bg_color__hover_enabled=\u00bboff\u00bb][\/et_pb_contact_field][et_pb_contact_field field_id=\u00bbTopic\u00bb field_title=\u00bbAsunto\u00bb fullwidth_field=\u00bbon\u00bb _builder_version=\u00bb3.21.1&#8243; border_radii=\u00bbon||||\u00bb button_text_size__hover_enabled=\u00bboff\u00bb button_one_text_size__hover_enabled=\u00bboff\u00bb button_two_text_size__hover_enabled=\u00bboff\u00bb button_text_color__hover_enabled=\u00bboff\u00bb button_one_text_color__hover_enabled=\u00bboff\u00bb button_two_text_color__hover_enabled=\u00bboff\u00bb button_border_width__hover_enabled=\u00bboff\u00bb button_one_border_width__hover_enabled=\u00bboff\u00bb button_two_border_width__hover_enabled=\u00bboff\u00bb button_border_color__hover_enabled=\u00bboff\u00bb button_one_border_color__hover_enabled=\u00bboff\u00bb button_two_border_color__hover_enabled=\u00bboff\u00bb button_border_radius__hover_enabled=\u00bboff\u00bb button_one_border_radius__hover_enabled=\u00bboff\u00bb button_two_border_radius__hover_enabled=\u00bboff\u00bb button_letter_spacing__hover_enabled=\u00bboff\u00bb button_one_letter_spacing__hover_enabled=\u00bboff\u00bb button_two_letter_spacing__hover_enabled=\u00bboff\u00bb button_bg_color__hover_enabled=\u00bboff\u00bb button_one_bg_color__hover_enabled=\u00bboff\u00bb button_two_bg_color__hover_enabled=\u00bboff\u00bb][\/et_pb_contact_field][et_pb_contact_field field_id=\u00bbMessage\u00bb field_title=\u00bbMensaje\u00bb field_type=\u00bbtext\u00bb fullwidth_field=\u00bbon\u00bb _builder_version=\u00bb3.16&#8243; border_radii=\u00bbon||||\u00bb button_text_size__hover_enabled=\u00bboff\u00bb button_one_text_size__hover_enabled=\u00bboff\u00bb button_two_text_size__hover_enabled=\u00bboff\u00bb button_text_color__hover_enabled=\u00bboff\u00bb button_one_text_color__hover_enabled=\u00bboff\u00bb button_two_text_color__hover_enabled=\u00bboff\u00bb button_border_width__hover_enabled=\u00bboff\u00bb button_one_border_width__hover_enabled=\u00bboff\u00bb button_two_border_width__hover_enabled=\u00bboff\u00bb button_border_color__hover_enabled=\u00bboff\u00bb button_one_border_color__hover_enabled=\u00bboff\u00bb button_two_border_color__hover_enabled=\u00bboff\u00bb button_border_radius__hover_enabled=\u00bboff\u00bb button_one_border_radius__hover_enabled=\u00bboff\u00bb button_two_border_radius__hover_enabled=\u00bboff\u00bb button_letter_spacing__hover_enabled=\u00bboff\u00bb button_one_letter_spacing__hover_enabled=\u00bboff\u00bb button_two_letter_spacing__hover_enabled=\u00bboff\u00bb button_bg_color__hover_enabled=\u00bboff\u00bb button_one_bg_color__hover_enabled=\u00bboff\u00bb button_two_bg_color__hover_enabled=\u00bboff\u00bb][\/et_pb_contact_field][et_pb_contact_field field_id=\u00bbRGPD\u00bb field_title=\u00bb \u00bb field_type=\u00bbcheckbox\u00bb checkbox_options=\u00bb%91{%22value%22:%22 He le\u00eddo y acepto los %22,%22checked%22:0,%22dragID%22:-1,%22link_text%22:%22t\u00e9rminos y condiciones de uso%22,%22link_url%22:%22http:\/\/www.caldererias.es\/politica-privacidad\/%22}%93&#8243; _builder_version=\u00bb3.16&#8243; form_field_font=\u00bb||||||||\u00bb form_field_font_size=\u00bb14px\u00bb button_text_size__hover_enabled=\u00bboff\u00bb button_one_text_size__hover_enabled=\u00bboff\u00bb button_two_text_size__hover_enabled=\u00bboff\u00bb button_text_color__hover_enabled=\u00bboff\u00bb button_one_text_color__hover_enabled=\u00bboff\u00bb button_two_text_color__hover_enabled=\u00bboff\u00bb button_border_width__hover_enabled=\u00bboff\u00bb button_one_border_width__hover_enabled=\u00bboff\u00bb button_two_border_width__hover_enabled=\u00bboff\u00bb button_border_color__hover_enabled=\u00bboff\u00bb button_one_border_color__hover_enabled=\u00bboff\u00bb button_two_border_color__hover_enabled=\u00bboff\u00bb button_border_radius__hover_enabled=\u00bboff\u00bb button_one_border_radius__hover_enabled=\u00bboff\u00bb button_two_border_radius__hover_enabled=\u00bboff\u00bb button_letter_spacing__hover_enabled=\u00bboff\u00bb button_one_letter_spacing__hover_enabled=\u00bboff\u00bb button_two_letter_spacing__hover_enabled=\u00bboff\u00bb button_bg_color__hover_enabled=\u00bboff\u00bb button_one_bg_color__hover_enabled=\u00bboff\u00bb button_two_bg_color__hover_enabled=\u00bboff\u00bb][\/et_pb_contact_field][\/et_pb_contact_form][\/et_pb_column][\/et_pb_row][\/et_pb_section][et_pb_section bb_built=\u00bb1&#8243; _builder_version=\u00bb3.21.1&#8243; background_color=\u00bb#ea3a3c\u00bb prev_background_color=\u00bb#ffffff\u00bb next_background_color=\u00bb#ffffff\u00bb][et_pb_row _builder_version=\u00bb3.21.1&#8243;][et_pb_column type=\u00bb4_4&#8243;][et_pb_text _builder_version=\u00bb3.21.1&#8243; text_font=\u00bb||||||||\u00bb header_font=\u00bb||||||||\u00bb header_2_font=\u00bb||||||||\u00bb header_2_text_align=\u00bbcenter\u00bb header_2_text_color=\u00bb#ffffff\u00bb header_2_font_size=\u00bb19px\u00bb]<\/p>\n<h2>VOULEZ-VOUS TRAVAILLER AVEC NOUS?<\/h2>\n<p>[\/et_pb_text][et_pb_button button_url=\u00bbhttp:\/\/www.caldererias.es\/trabaja-con-nosotros\/\u00bb button_text=\u00bbEnv\u00edar Curr\u00edculum\u00bb button_alignment=\u00bbcenter\u00bb _builder_version=\u00bb3.21.1&#8243; z_index_tablet=\u00bb500&#8243; \/][\/et_pb_column][\/et_pb_row][\/et_pb_section][et_pb_section bb_built=\u00bb1&#8243; _builder_version=\u00bb3.21.1&#8243; parallax=\u00bbon\u00bb parallax_method=\u00bboff\u00bb animation_style=\u00bbslide\u00bb animation_direction=\u00bbtop\u00bb prev_background_color=\u00bb#ea3a3c\u00bb next_background_color=\u00bb#000000&#8243;][et_pb_row make_fullwidth=\u00bbon\u00bb use_custom_gutter=\u00bbon\u00bb gutter_width=\u00bb2&#8243; custom_padding=\u00bb66.3125px|0px|66.3125px|0px|true|false\u00bb _builder_version=\u00bb3.21.1&#8243; animation_style=\u00bbslide\u00bb animation_direction=\u00bbbottom\u00bb][et_pb_column type=\u00bb1_3&#8243;][et_pb_blurb title=\u00bbTel\u00e9fonos\u00bb use_icon=\u00bbon\u00bb font_icon=\u00bb%%264%%\u00bb icon_color=\u00bb#ea3a3c\u00bb use_circle=\u00bbon\u00bb circle_color=\u00bb#f2f2f2&#8243; content_max_width=\u00bb80%\u00bb use_icon_font_size=\u00bbon\u00bb icon_font_size=\u00bb20px\u00bb _builder_version=\u00bb3.21.1&#8243; header_level=\u00bbh2&#8243; header_font=\u00bb||||||||\u00bb header_text_align=\u00bbcenter\u00bb header_text_color=\u00bb#f78f1e\u00bb header_font_size=\u00bb18px\u00bb body_font=\u00bb||||||||\u00bb body_text_align=\u00bbcenter\u00bb text_orientation=\u00bbcenter\u00bb]<\/p>\n<p>+34 950 54 81 00<br \/>\n+34 670 70 96 26<\/p>\n<p>[\/et_pb_blurb][\/et_pb_column][et_pb_column type=\u00bb1_3&#8243;][et_pb_blurb title=\u00bbFax\u00bb use_icon=\u00bbon\u00bb font_icon=\u00bb%%268%%\u00bb icon_color=\u00bb#ea3a3c\u00bb use_circle=\u00bbon\u00bb circle_color=\u00bb#f2f2f2&#8243; content_max_width=\u00bb80%\u00bb use_icon_font_size=\u00bbon\u00bb icon_font_size=\u00bb20px\u00bb _builder_version=\u00bb3.21.1&#8243; header_level=\u00bbh2&#8243; header_font=\u00bb||||||||\u00bb header_text_align=\u00bbcenter\u00bb header_text_color=\u00bb#f78f1e\u00bb header_font_size=\u00bb18px\u00bb body_font=\u00bb||||||||\u00bb body_text_align=\u00bbcenter\u00bb text_orientation=\u00bbcenter\u00bb]<\/p>\n<p>+34 950 54 81 01<\/p>\n<p>[\/et_pb_blurb][\/et_pb_column][et_pb_column type=\u00bb1_3&#8243;][et_pb_blurb title=\u00bbCorreo electr\u00f3nico\u00bb use_icon=\u00bbon\u00bb font_icon=\u00bb%%238%%\u00bb icon_color=\u00bb#ea3a3c\u00bb use_circle=\u00bbon\u00bb circle_color=\u00bb#f2f2f2&#8243; content_max_width=\u00bb80%\u00bb use_icon_font_size=\u00bbon\u00bb icon_font_size=\u00bb20px\u00bb content_max_width_last_edited=\u00bbon|desktop\u00bb _builder_version=\u00bb3.21.1&#8243; header_level=\u00bbh2&#8243; header_font=\u00bb||||||||\u00bb header_text_align=\u00bbcenter\u00bb header_text_color=\u00bb#f78f1e\u00bb header_font_size=\u00bb18px\u00bb body_font=\u00bb||||||||\u00bb body_text_align=\u00bbcenter\u00bb text_orientation=\u00bbcenter\u00bb]<\/p>\n<p>caldererias@caldererias.es<\/p>\n<p>[\/et_pb_blurb][\/et_pb_column][\/et_pb_row][\/et_pb_section][et_pb_section bb_built=\u00bb1&#8243; _builder_version=\u00bb3.21.1&#8243; parallax=\u00bbon\u00bb parallax_method=\u00bboff\u00bb saved_tabs=\u00bball\u00bb prev_background_color=\u00bb#000000&#8243; next_background_color=\u00bb#000000&#8243; global_module=\u00bb944&#8243;][et_pb_row global_parent=\u00bb944&#8243; make_fullwidth=\u00bbon\u00bb use_custom_gutter=\u00bbon\u00bb gutter_width=\u00bb2&#8243; custom_padding=\u00bb66.3125px|0px|66.3125px|0px|true|false\u00bb _builder_version=\u00bb3.21.1&#8243; animation_style=\u00bbslide\u00bb animation_direction=\u00bbbottom\u00bb][et_pb_column type=\u00bb1_4&#8243;][et_pb_blurb global_parent=\u00bb944&#8243; title=\u00bbSede Central\u00bb use_icon=\u00bbon\u00bb font_icon=\u00bb%%249%%\u00bb icon_color=\u00bb#ea3a3c\u00bb use_circle=\u00bbon\u00bb circle_color=\u00bb#ffffff\u00bb content_max_width=\u00bb80%\u00bb use_icon_font_size=\u00bbon\u00bb icon_font_size=\u00bb20px\u00bb _builder_version=\u00bb3.21.1&#8243; header_level=\u00bbh2&#8243; header_text_align=\u00bbcenter\u00bb header_text_color=\u00bb#f78f1e\u00bb body_text_align=\u00bbcenter\u00bb text_orientation=\u00bbcenter\u00bb z_index_tablet=\u00bb500&#8243;]<\/p>\n<p>Ctra. Carboneras, N341,<br \/>\nVenta del Pobre<br \/>\nT\u00e9l\u00e9phone : 950548100<br \/>\nFax: 950 548 101<\/p>\n<p>[\/et_pb_blurb][\/et_pb_column][et_pb_column type=\u00bb1_4&#8243;][et_pb_blurb global_parent=\u00bb944&#8243; title=\u00bbDelegaci\u00f3n Melilla\u00bb use_icon=\u00bbon\u00bb font_icon=\u00bb%%249%%\u00bb icon_color=\u00bb#ea3a3c\u00bb use_circle=\u00bbon\u00bb circle_color=\u00bb#ffffff\u00bb content_max_width=\u00bb80%\u00bb use_icon_font_size=\u00bbon\u00bb icon_font_size=\u00bb20px\u00bb _builder_version=\u00bb3.21.1&#8243; header_level=\u00bbh2&#8243; header_font=\u00bb||||||||\u00bb header_text_align=\u00bbcenter\u00bb header_text_color=\u00bb#f78f1e\u00bb header_font_size=\u00bb18px\u00bb body_font=\u00bb||||||||\u00bb body_text_align=\u00bbcenter\u00bb text_orientation=\u00bbcenter\u00bb]<\/p>\n<p>C\/ Puerto comercial,<br \/>\nNordeste II s\/n<br \/>\nT\u00e9l\u00e9phone \/ Fax: 952682463<br \/>\nmobile: 637040326 \/ \n661969230<\/p>\n<p>[\/et_pb_blurb][\/et_pb_column][et_pb_column type=\u00bb1_4&#8243;][et_pb_blurb global_parent=\u00bb944&#8243; title=\u00bbDelegaci\u00f3n Ceuta\u00bb use_icon=\u00bbon\u00bb font_icon=\u00bb%%249%%\u00bb icon_color=\u00bb#ea3a3c\u00bb use_circle=\u00bbon\u00bb circle_color=\u00bb#ffffff\u00bb content_max_width=\u00bb80%\u00bb use_icon_font_size=\u00bbon\u00bb icon_font_size=\u00bb20px\u00bb _builder_version=\u00bb3.21.1&#8243; header_level=\u00bbh2&#8243; header_font=\u00bb||||||||\u00bb header_text_align=\u00bbcenter\u00bb header_text_color=\u00bb#f78f1e\u00bb header_font_size=\u00bb18px\u00bb body_font=\u00bb||||||||\u00bb body_text_align=\u00bbcenter\u00bb text_orientation=\u00bbcenter\u00bb]<\/p>\n<p>Muelle Poniente, 106, 6\u00aa<br \/>\nT\u00e9l\u00e9phone \/ Fax: 956501835<br \/>\nmobile: 637082457 \/ 687838805<\/p>\n<p>[\/et_pb_blurb][\/et_pb_column][et_pb_column type=\u00bb1_4&#8243;][et_pb_blurb global_parent=\u00bb944&#8243; title=\u00bbFilial marruecos\u00bb use_icon=\u00bbon\u00bb font_icon=\u00bb%%249%%\u00bb icon_color=\u00bb#ea3a3c\u00bb use_circle=\u00bbon\u00bb circle_color=\u00bb#ffffff\u00bb content_max_width=\u00bb80%\u00bb use_icon_font_size=\u00bbon\u00bb icon_font_size=\u00bb20px\u00bb _builder_version=\u00bb3.21.1&#8243; header_level=\u00bbh2&#8243; header_font=\u00bb||||||||\u00bb header_text_align=\u00bbcenter\u00bb header_text_color=\u00bb#f78f1e\u00bb header_font_size=\u00bb18px\u00bb body_font=\u00bb||||||||\u00bb body_text_align=\u00bbcenter\u00bb text_orientation=\u00bbcenter\u00bb]<\/p>\n<p>Boulevard de Paris, Rue Commandant Cottenest, cinqui\u00e9me \u00e9tage, Appt. 59  T\u00e9l\u00e9phone \/ Fax: 212663310029<\/p>\n<p>[\/et_pb_blurb][\/et_pb_column][\/et_pb_row][et_pb_row global_parent=\u00bb944&#8243; make_fullwidth=\u00bbon\u00bb use_custom_gutter=\u00bbon\u00bb gutter_width=\u00bb2&#8243; custom_padding=\u00bb66.3125px|0px|66.3125px|0px|true|false\u00bb _builder_version=\u00bb3.21.1&#8243; animation_style=\u00bbslide\u00bb animation_direction=\u00bbbottom\u00bb][et_pb_column type=\u00bb1_4&#8243;][et_pb_blurb global_parent=\u00bb944&#8243; title=\u00bbDelegaci\u00f3n Campo Gibraltar\u00bb use_icon=\u00bbon\u00bb font_icon=\u00bb%%249%%\u00bb icon_color=\u00bb#ea3a3c\u00bb use_circle=\u00bbon\u00bb circle_color=\u00bb#ffffff\u00bb content_max_width=\u00bb80%\u00bb use_icon_font_size=\u00bbon\u00bb icon_font_size=\u00bb20px\u00bb _builder_version=\u00bb3.21.1&#8243; header_level=\u00bbh2&#8243; header_font=\u00bb||||||||\u00bb header_text_align=\u00bbcenter\u00bb header_text_color=\u00bb#f78f1e\u00bb header_font_size=\u00bb18px\u00bb body_font=\u00bb||||||||\u00bb body_text_align=\u00bbcenter\u00bb text_orientation=\u00bbcenter\u00bb]<\/p>\n<p>Pol. Centro Bahi\u0301a Guadacorte, Nave 10<br \/>\nCrta. Nacional 340 km115,<br \/>\n11379 Los Barrios, Ca\u0301diz<br \/>\nT +34 950 548 100 \/ +34 636 340 295<\/p>\n<p>[\/et_pb_blurb][\/et_pb_column][et_pb_column type=\u00bb1_4&#8243;][et_pb_blurb global_parent=\u00bb944&#8243; title=\u00bbDelegaci\u00f3n Madrid\u00bb use_icon=\u00bbon\u00bb font_icon=\u00bb%%249%%\u00bb icon_color=\u00bb#ea3a3c\u00bb use_circle=\u00bbon\u00bb circle_color=\u00bb#ffffff\u00bb content_max_width=\u00bb80%\u00bb use_icon_font_size=\u00bbon\u00bb icon_font_size=\u00bb20px\u00bb _builder_version=\u00bb3.21.1&#8243; header_level=\u00bbh2&#8243; header_text_align=\u00bbcenter\u00bb header_text_color=\u00bb#f78f1e\u00bb body_text_align=\u00bbcenter\u00bb text_orientation=\u00bbcenter\u00bb z_index_tablet=\u00bb500&#8243;]<\/p>\n<p>Camino Fuente de la Mora, 9, 1\u00aa Planta<br \/>\n28050 Madrid<br \/>\nTlf. +34 673 207 196<\/p>\n<p>[\/et_pb_blurb][\/et_pb_column][et_pb_column type=\u00bb1_4&#8243;][et_pb_blurb global_parent=\u00bb944&#8243; title=\u00bbDelegaci\u00f3n Norte\u00bb use_icon=\u00bbon\u00bb font_icon=\u00bb%%249%%\u00bb icon_color=\u00bb#ea3a3c\u00bb use_circle=\u00bbon\u00bb circle_color=\u00bb#ffffff\u00bb content_max_width=\u00bb80%\u00bb use_icon_font_size=\u00bbon\u00bb icon_font_size=\u00bb20px\u00bb _builder_version=\u00bb3.21.1&#8243; header_level=\u00bbh2&#8243; header_font=\u00bb||||||||\u00bb header_text_align=\u00bbcenter\u00bb header_text_color=\u00bb#f78f1e\u00bb header_font_size=\u00bb18px\u00bb body_font=\u00bb||||||||\u00bb body_text_align=\u00bbcenter\u00bb text_orientation=\u00bbcenter\u00bb]<\/p>\n<p>T\u00e9l\u00e9phone mobile +34654305932<br \/>\nTlf. +34 950 548 100<\/p>\n<p>[\/et_pb_blurb][\/et_pb_column][et_pb_column type=\u00bb1_4&#8243;][et_pb_blurb global_parent=\u00bb944&#8243; title=\u00bbDelegaci\u00f3n Canarias\u00bb use_icon=\u00bbon\u00bb font_icon=\u00bb%%249%%\u00bb icon_color=\u00bb#ea3a3c\u00bb use_circle=\u00bbon\u00bb circle_color=\u00bb#ffffff\u00bb content_max_width=\u00bb80%\u00bb use_icon_font_size=\u00bbon\u00bb icon_font_size=\u00bb18&#8243; _builder_version=\u00bb3.21.1&#8243; header_level=\u00bbh2&#8243; header_text_align=\u00bbcenter\u00bb header_text_color=\u00bb#f78f1e\u00bb body_text_align=\u00bbcenter\u00bb text_orientation=\u00bbcenter\u00bb z_index_tablet=\u00bb500&#8243;]<\/p>\n<p>Calle los Dragos 33. Pol\u00edgono ARINAGA<br \/>\nLas Palmas de Gran Canar\u00eda 35118 Las Palmas<br \/>\nMovil +34 637 803 006<br \/>\nTlf. +34 950 548 100<\/p>\n<p>[\/et_pb_blurb][\/et_pb_column][\/et_pb_row][\/et_pb_section][et_pb_section bb_built=\u00bb1&#8243; fullwidth=\u00bbon\u00bb _builder_version=\u00bb3.21.1&#8243; animation_style=\u00bbslide\u00bb animation_direction=\u00bbtop\u00bb prev_background_color=\u00bb#000000&#8243; next_background_color=\u00bb#000000&#8243;][et_pb_fullwidth_map address=\u00bbCtra. Carboneras, Nac. 341, Venta del Pobre, 04114, Almer\u00eda, Espa\u00f1a\u00bb zoom_level=\u00bb15&#8243; address_lat=\u00bb36.989828&#8243; address_lng=\u00bb-2.0567607&#8243; mouse_wheel=\u00bboff\u00bb _builder_version=\u00bb3.21.1&#8243; child_filter_saturate=\u00bb0%\u00bb][et_pb_map_pin title=\u00bbCalderer\u00edas Ind\u00e1licas\u00bb pin_address=\u00bbCtra. Carboneras, Nac. 341, Venta del Pobre, 04114, Almer\u00eda, Espa\u00f1a\u00bb pin_address_lat=\u00bb36.989828&#8243; pin_address_lng=\u00bb-2.0567607&#8243; _builder_version=\u00bb3.19.4&#8243;]Ctra. Carboneras, Nac. 341,<br \/>\nVenta del Pobre, 04114, Almer\u00eda[\/et_pb_map_pin][\/et_pb_fullwidth_map][\/et_pb_section][et_pb_section bb_built=\u00bb1&#8243; _builder_version=\u00bb3.21.1&#8243; parallax=\u00bbon\u00bb parallax_method=\u00bboff\u00bb prev_background_color=\u00bb#000000&#8243;][et_pb_row _builder_version=\u00bb3.21.1&#8243;][et_pb_column type=\u00bb4_4&#8243;][et_pb_text _builder_version=\u00bb3.21.1&#8243;]<\/p>\n<p>Responsable: Identit\u00e9: CALDERERIAS INDALICAS SL - CIF: B04196952 Adresse postale: CTRA. NATIONAL 341 KM1, VENTE DES PAUVRES, 04114, LUCAINENA TOWERS, ALMERIA T\u00e9l\u00e9phone: 950548100 E - \u00e9lire : caldererias@caldererias.es<\/p>\n<p>\u00abAu nom de la soci\u00e9t\u00e9, nous traitons les informations que vous nous fournissez afin de vous envoyer des publicit\u00e9s li\u00e9es \u00e0 nos produits et services par tout moyen (postal, email ou t\u00e9l\u00e9phone) et vous invitons \u00e0 des \u00e9v\u00e9nements organis\u00e9s par la soci\u00e9t\u00e9. Les donn\u00e9es fournies seront conserv\u00e9es tant que vous ne demandez pas la cessation de l'activit\u00e9. Les donn\u00e9es ne seront pas transf\u00e9r\u00e9es \u00e0 des tiers sauf dans les cas o\u00f9 il existe une obligation l\u00e9gale. Vous avez le droit d'obtenir la confirmation que CALDERERIAS INDALICAS SL traite vos donn\u00e9es personnelles, vous avez donc le droit d'acc\u00e9der \u00e0 vos donn\u00e9es personnelles, de rectifier des donn\u00e9es inexactes ou de demander leur suppression lorsque les donn\u00e9es ne sont plus n\u00e9cessaires aux fins qui ont \u00e9t\u00e9 collect\u00e9es \"<\/p>\n<p>[\/et_pb_text][\/et_pb_column][\/et_pb_row][\/et_pb_section]<\/p>","protected":false},"excerpt":{"rendered":"<p>\u00bfQuieres trabajar con nosotros? +34 950 54 81 00 +34 670 70 96 26 +34 950 54 81 01 caldererias@caldererias.es Ctra. Carboneras, N341, Venta del Pobre Tlfno: 950 548 100 Fax: 950 548 101 C\/ Puerto comercial, Nordeste II s\/n Tlfno\/Fax: 952682463 M\u00f3vil: 637040326 \/ 661969230 Muelle Poniente, 106, 6\u00aa Tlfno\/Fax: 956501835 M\u00f3vil: 637082457 \/ [&hellip;]<\/p>","protected":false},"author":1,"featured_media":0,"parent":0,"menu_order":0,"comment_status":"closed","ping_status":"closed","template":"","meta":{"_et_pb_use_builder":"on","_et_pb_old_content":"","_et_gb_content_width":"","footnotes":""},"class_list":["post-145","page","type-page","status-publish","hentry"],"_links":{"self":[{"href":"https:\/\/www.caldererias.es\/fr\/wp-json\/wp\/v2\/pages\/145","targetHints":{"allow":["GET"]}}],"collection":[{"href":"https:\/\/www.caldererias.es\/fr\/wp-json\/wp\/v2\/pages"}],"about":[{"href":"https:\/\/www.caldererias.es\/fr\/wp-json\/wp\/v2\/types\/page"}],"author":[{"embeddable":true,"href":"https:\/\/www.caldererias.es\/fr\/wp-json\/wp\/v2\/users\/1"}],"replies":[{"embeddable":true,"href":"https:\/\/www.caldererias.es\/fr\/wp-json\/wp\/v2\/comments?post=145"}],"version-history":[{"count":21,"href":"https:\/\/www.caldererias.es\/fr\/wp-json\/wp\/v2\/pages\/145\/revisions"}],"predecessor-version":[{"id":3695,"href":"https:\/\/www.caldererias.es\/fr\/wp-json\/wp\/v2\/pages\/145\/revisions\/3695"}],"wp:attachment":[{"href":"https:\/\/www.caldererias.es\/fr\/wp-json\/wp\/v2\/media?parent=145"}],"curies":[{"name":"wp","href":"https:\/\/api.w.org\/{rel}","templated":true}]}}