{"id":72,"date":"2017-03-23T10:37:17","date_gmt":"2017-03-23T10:37:17","guid":{"rendered":"http:\/\/www.caldererias.es\/?page_id=72"},"modified":"2025-02-26T13:06:20","modified_gmt":"2025-02-26T12:06:20","slug":"inicio","status":"publish","type":"page","link":"https:\/\/www.caldererias.es\/fr\/","title":{"rendered":"DEB\u00daT"},"content":{"rendered":"<p>[et_pb_section fb_built=\u00bb1&#8243; fullwidth=\u00bbon\u00bb _builder_version=\u00bb4.16&#8243; background_image=\u00bbhttp:\/\/www.caldererias.es\/wp-content\/uploads\/2019\/01\/home-1.jpg\u00bb background_video_mp4=\u00bbhttps:\/\/www.caldererias.es\/wp-content\/uploads\/2021\/06\/video-home-2.mp4&#8243; background_video_width=\u00bb1920&#8243; background_video_height=\u00bb1080&#8243; global_colors_info=\u00bb{}\u00bb][et_pb_fullwidth_header title=\u00bbCalderer\u00edas Ind\u00e1licas\u00bb subhead=\u00bbEl reto, la satisfacci\u00f3n de nuestros clientes\u00bb text_orientation=\u00bbcenter\u00bb header_fullscreen=\u00bbon\u00bb header_image_url=\u00bbhttps:\/\/www.caldererias.es\/wp-content\/uploads\/2025\/02\/logos_4_inicio-700x410p_trans_3.png\u00bb _builder_version=\u00bb4.27.0&#8243; _dynamic_attributes=\u00bblink_option_url\u00bb title_text_color=\u00bb#f78f1e\u00bb title_font_size=\u00bb35px\u00bb subhead_text_color=\u00bb#ffffff\u00bb subhead_font_size=\u00bb28px\u00bb background_color=\u00bbrgba(0,87,107,0)\u00bb use_background_color_gradient=\u00bbon\u00bb background_color_gradient_stops=\u00bb#ffffff 0%|rgba(255,255,255,0) 15%\u00bb background_color_gradient_start=\u00bb#ffffff\u00bb background_color_gradient_end=\u00bbrgba(255,255,255,0)\u00bb background_color_gradient_end_position=\u00bb15%\u00bb parallax=\u00bbon\u00bb custom_button_one=\u00bbon\u00bb button_one_text_size=\u00bb25px\u00bb module_alignment=\u00bbcenter\u00bb link_option_url=\u00bb@ET-DC@eyJkeW5hbWljIjp0cnVlLCJjb250ZW50IjoicG9zdF9saW5rX3VybF9wYWdlIiwic2V0dGluZ3MiOnsicG9zdF9pZCI6IjQ3MTIifX0=@\u00bb title_font_size_tablet=\u00bb25px\u00bb title_font_size_phone=\u00bb20px\u00bb title_font_size_last_edited=\u00bbon|phone\u00bb subhead_font_size_tablet=\u00bb20px\u00bb subhead_font_size_phone=\u00bb18px\u00bb subhead_font_size_last_edited=\u00bbon|phone\u00bb button_one_text_size_tablet=\u00bb\u00bb button_one_text_size_phone=\u00bb16px\u00bb button_one_text_size_last_edited=\u00bbon|phone\u00bb z_index_tablet=\u00bb500&#8243; custom_css_title=\u00bbbackground-color:rgba(0,0,0,0.8);||padding-top:10px;||border-top-left-radius:15px;||border-top-right-radius:15px;\u00bb custom_css_subtitle=\u00bbbackground-color:rgba(0,0,0,0.8);||padding-bottom:15px;||border-bottom-left-radius:15px;||border-bottom-right-radius:15px;\u00bb title_text_shadow_style=\u00bbpreset5&#8243; title_text_shadow_horizontal_length=\u00bb0.03em\u00bb title_text_shadow_vertical_length=\u00bb0.02em\u00bb title_text_shadow_blur_strength=\u00bb0.12em\u00bb title_text_shadow_color=\u00bb#000000&#8243; global_colors_info=\u00bb{}\u00bb][\/et_pb_fullwidth_header][\/et_pb_section][et_pb_section fb_built=\u00bb1&#8243; fullwidth=\u00bbon\u00bb _builder_version=\u00bb4.16&#8243; background_image=\u00bbhttp:\/\/www.caldererias.es\/wp-content\/uploads\/2019\/01\/fondo0.jpg\u00bb global_colors_info=\u00bb{}\u00bb][et_pb_fullwidth_header title=\u00bbingenier\u00eda, fabricaci\u00f3n, montaje, instalaci\u00f3n, mantenimiento y reparaci\u00f3n\u00bb text_orientation=\u00bbcenter\u00bb header_fullscreen=\u00bbon\u00bb button_one_text=\u00bbCon\u00f3cenos\u00bb button_one_url=\u00bbhttp:\/\/www.caldererias.es\/empresa\/\u00bb content_max_width=\u00bb65%\u00bb content_max_width_tablet=\u00bb\u00bb content_max_width_phone=\u00bb\u00bb content_max_width_last_edited=\u00bbon|desktop\u00bb _builder_version=\u00bb4.27.0&#8243; title_level=\u00bbh2&#8243; title_font=\u00bb||||||||\u00bb title_text_color=\u00bb#ffffff\u00bb title_font_size=\u00bb35px\u00bb content_font=\u00bb||||||||\u00bb subhead_font=\u00bb||on||||||\u00bb subhead_text_color=\u00bb#ffffff\u00bb subhead_font_size=\u00bb28px\u00bb background_color=\u00bbrgba(0,87,107,0)\u00bb parallax=\u00bbon\u00bb custom_button_one=\u00bbon\u00bb button_one_text_size=\u00bb25px\u00bb button_one_font=\u00bb||||||||\u00bb button_one_icon=\u00bb&#x39;||divi||400&#8243; animation_style=\u00bbslide\u00bb animation_direction=\u00bbtop\u00bb animation_delay=\u00bb400ms\u00bb animation_speed_curve=\u00bbease-out\u00bb title_font_size_tablet=\u00bb25px\u00bb title_font_size_phone=\u00bb20px\u00bb title_font_size_last_edited=\u00bbon|phone\u00bb subhead_font_size_tablet=\u00bb20px\u00bb subhead_font_size_phone=\u00bb18px\u00bb subhead_font_size_last_edited=\u00bbon|phone\u00bb button_one_text_size_tablet=\u00bb\u00bb button_one_text_size_phone=\u00bb16px\u00bb button_one_text_size_last_edited=\u00bbon|phone\u00bb button_two_text_size_tablet=\u00bb\u00bb button_two_text_size_phone=\u00bb14px\u00bb button_two_text_size_last_edited=\u00bbon|phone\u00bb text_shadow_style=\u00bbpreset5&#8243; text_shadow_color=\u00bbrgba(0,0,0,0.25)\u00bb global_colors_info=\u00bb{}\u00bb][\/et_pb_fullwidth_header][\/et_pb_section][et_pb_section fb_built=\u00bb1&#8243; fullwidth=\u00bbon\u00bb _builder_version=\u00bb4.16&#8243; use_background_color_gradient=\u00bbon\u00bb background_color_gradient_direction=\u00bb311deg\u00bb background_color_gradient_stops=\u00bb#f78f1e 10%|rgba(247,143,30,0) 75%\u00bb background_color_gradient_overlays_image=\u00bbon\u00bb background_color_gradient_start=\u00bb#f78f1e\u00bb background_color_gradient_start_position=\u00bb10%\u00bb background_color_gradient_end=\u00bbrgba(247,143,30,0)\u00bb background_color_gradient_end_position=\u00bb75%\u00bb background_image=\u00bbhttp:\/\/www.caldererias.es\/wp-content\/uploads\/2019\/01\/banner2.jpg\u00bb global_colors_info=\u00bb{}\u00bb][et_pb_fullwidth_header title=\u00bbServicios\u00bb subhead=\u00bbNos encargamos de todo\u00bb text_orientation=\u00bbright\u00bb header_fullscreen=\u00bbon\u00bb button_one_text=\u00bbActividades\u00bb button_one_url=\u00bbhttp:\/\/www.caldererias.es\/actividad\/\u00bb content_max_width=\u00bb65%\u00bb content_max_width_tablet=\u00bb\u00bb content_max_width_phone=\u00bb\u00bb content_max_width_last_edited=\u00bbon|desktop\u00bb _builder_version=\u00bb4.16&#8243; title_level=\u00bbh2&#8243; title_font=\u00bb||||||||\u00bb title_text_color=\u00bb#ffffff\u00bb title_font_size=\u00bb35px\u00bb content_font=\u00bb||||||||\u00bb subhead_font=\u00bb||||||||\u00bb subhead_text_color=\u00bb#ffffff\u00bb subhead_font_size=\u00bb28px\u00bb background_color=\u00bbrgba(0,87,107,0)\u00bb use_background_color_gradient=\u00bbon\u00bb background_color_gradient_direction=\u00bb305deg\u00bb background_color_gradient_stops=\u00bbrgba(247,143,30,0.5) 60%|rgba(247,143,30,0) 60%\u00bb background_color_gradient_start=\u00bbrgba(247,143,30,0.5)\u00bb background_color_gradient_start_position=\u00bb60%\u00bb background_color_gradient_end=\u00bbrgba(247,143,30,0)\u00bb background_color_gradient_end_position=\u00bb60%\u00bb parallax=\u00bbon\u00bb custom_button_one=\u00bbon\u00bb button_one_text_size=\u00bb25px\u00bb button_one_bg_color=\u00bb#00414c\u00bb button_one_font=\u00bb||||||||\u00bb button_one_icon=\u00bb&#x39;||divi||400&#8243; animation_style=\u00bbslide\u00bb animation_direction=\u00bbright\u00bb animation_delay=\u00bb1000ms\u00bb animation_intensity_slide=\u00bb10%\u00bb animation_speed_curve=\u00bbease-out\u00bb title_font_size_tablet=\u00bb25px\u00bb title_font_size_phone=\u00bb20px\u00bb title_font_size_last_edited=\u00bbon|phone\u00bb subhead_font_size_tablet=\u00bb20px\u00bb subhead_font_size_phone=\u00bb18px\u00bb subhead_font_size_last_edited=\u00bbon|phone\u00bb button_one_text_size_tablet=\u00bb\u00bb button_one_text_size_phone=\u00bb16px\u00bb button_one_text_size_last_edited=\u00bbon|phone\u00bb text_shadow_style=\u00bbpreset5&#8243; text_shadow_color=\u00bbrgba(0,0,0,0.25)\u00bb global_colors_info=\u00bb{}\u00bb][\/et_pb_fullwidth_header][\/et_pb_section][et_pb_section fb_built=\u00bb1&#8243; _builder_version=\u00bb4.16&#8243; custom_margin=\u00bb0px||0px||true\u00bb custom_padding=\u00bb0px||0px||true\u00bb global_colors_info=\u00bb{}\u00bb][et_pb_row use_custom_gutter=\u00bbon\u00bb gutter_width=\u00bb1&#8243; module_class=\u00bb et_pb_row_fullwidth\u00bb _builder_version=\u00bb4.16&#8243; background_color=\u00bb#00414c\u00bb width=\u00bb100%\u00bb width_tablet=\u00bb100%\u00bb width_phone=\u00bb100%\u00bb width_last_edited=\u00bbon|desktop\u00bb max_width=\u00bb100%\u00bb max_width_tablet=\u00bb100%\u00bb max_width_phone=\u00bb100%\u00bb max_width_last_edited=\u00bbon|desktop\u00bb custom_padding=\u00bb2px||2px||true\u00bb make_fullwidth=\u00bbon\u00bb global_colors_info=\u00bb{}\u00bb][et_pb_column type=\u00bb4_4&#8243; _builder_version=\u00bb4.16&#8243; custom_padding=\u00bb|||\u00bb global_colors_info=\u00bb{}\u00bb custom_padding__hover=\u00bb|||\u00bb][\/et_pb_column][\/et_pb_row][\/et_pb_section][et_pb_section fb_built=\u00bb1&#8243; fullwidth=\u00bbon\u00bb _builder_version=\u00bb4.16&#8243; use_background_color_gradient=\u00bbon\u00bb background_color_gradient_direction=\u00bb311deg\u00bb background_color_gradient_stops=\u00bbrgba(234,58,60,0) 25%|#ea3a3c 90%\u00bb background_color_gradient_overlays_image=\u00bbon\u00bb background_color_gradient_start=\u00bbrgba(234,58,60,0)\u00bb background_color_gradient_start_position=\u00bb25%\u00bb background_color_gradient_end=\u00bb#ea3a3c\u00bb background_color_gradient_end_position=\u00bb90%\u00bb background_image=\u00bbhttp:\/\/www.caldererias.es\/wp-content\/uploads\/2019\/01\/planta-termosolar-gemasolar-hi-1.jpg\u00bb global_colors_info=\u00bb{}\u00bb][et_pb_fullwidth_header title=\u00bbCertificaciones\u00bb subhead=\u00bbDesarrollo de productos y servicios desde el enfoque de la excelencia\u00bb header_fullscreen=\u00bbon\u00bb button_one_text=\u00bbSaber m\u00e1s\u00bb button_one_url=\u00bbhttp:\/\/www.caldererias.es\/certificaciones\/\u00bb content_max_width=\u00bb65%\u00bb content_max_width_tablet=\u00bb\u00bb content_max_width_phone=\u00bb\u00bb content_max_width_last_edited=\u00bbon|desktop\u00bb _builder_version=\u00bb4.16&#8243; title_level=\u00bbh2&#8243; title_font=\u00bb||||||||\u00bb title_text_color=\u00bb#ffffff\u00bb title_font_size=\u00bb35px\u00bb content_font=\u00bb||||||||\u00bb subhead_font=\u00bb||||||||\u00bb subhead_text_color=\u00bb#ffffff\u00bb subhead_font_size=\u00bb28px\u00bb background_color=\u00bbrgba(0,87,107,0)\u00bb use_background_color_gradient=\u00bbon\u00bb background_color_gradient_direction=\u00bb305deg\u00bb background_color_gradient_stops=\u00bbrgba(247,143,30,0) 40%|rgba(234,58,60,0.5) 40%\u00bb background_color_gradient_start=\u00bbrgba(247,143,30,0)\u00bb background_color_gradient_start_position=\u00bb40%\u00bb background_color_gradient_end=\u00bbrgba(234,58,60,0.5)\u00bb background_color_gradient_end_position=\u00bb40%\u00bb parallax=\u00bbon\u00bb custom_button_one=\u00bbon\u00bb button_one_text_size=\u00bb25px\u00bb button_one_bg_color=\u00bb#00414c\u00bb button_one_font=\u00bb||||||||\u00bb button_one_icon=\u00bb&#x39;||divi||400&#8243; animation_style=\u00bbslide\u00bb animation_direction=\u00bbleft\u00bb animation_delay=\u00bb1000ms\u00bb animation_intensity_slide=\u00bb10%\u00bb animation_speed_curve=\u00bbease-out\u00bb title_font_size_tablet=\u00bb25px\u00bb title_font_size_phone=\u00bb20px\u00bb title_font_size_last_edited=\u00bbon|phone\u00bb subhead_font_size_tablet=\u00bb20px\u00bb subhead_font_size_phone=\u00bb18px\u00bb subhead_font_size_last_edited=\u00bbon|phone\u00bb button_one_text_size_tablet=\u00bb\u00bb button_one_text_size_phone=\u00bb16px\u00bb button_one_text_size_last_edited=\u00bbon|phone\u00bb text_shadow_style=\u00bbpreset5&#8243; text_shadow_color=\u00bbrgba(0,0,0,0.25)\u00bb global_colors_info=\u00bb{}\u00bb][\/et_pb_fullwidth_header][\/et_pb_section][et_pb_section fb_built=\u00bb1&#8243; fullwidth=\u00bbon\u00bb _builder_version=\u00bb4.16&#8243; background_color_gradient_direction=\u00bb311deg\u00bb background_image=\u00bbhttp:\/\/www.caldererias.es\/wp-content\/uploads\/2019\/01\/banner2.jpg\u00bb global_colors_info=\u00bb{}\u00bb][et_pb_fullwidth_header title=\u00bbClientes\u00bb subhead=\u00bbEcha un vistazo a algunos de nuestros proyectos m\u00e1s significativos\u00bb text_orientation=\u00bbcenter\u00bb header_fullscreen=\u00bbon\u00bb button_one_text=\u00bbVer proyectos\u00bb header_image_url=\u00bbhttp:\/\/www.caldererias.es\/wp-content\/uploads\/2019\/02\/proyectos.png\u00bb content_max_width=\u00bb65%\u00bb content_max_width_tablet=\u00bb\u00bb content_max_width_phone=\u00bb\u00bb content_max_width_last_edited=\u00bbon|desktop\u00bb _builder_version=\u00bb4.16&#8243; title_level=\u00bbh2&#8243; title_text_color=\u00bb#ffffff\u00bb title_font_size=\u00bb35px\u00bb subhead_text_color=\u00bb#ffffff\u00bb subhead_font_size=\u00bb28px\u00bb use_background_color_gradient=\u00bbon\u00bb background_color_gradient_stops=\u00bbrgba(247,143,30,0.8) 0%|rgba(247,143,30,0.8) 100%\u00bb background_color_gradient_start=\u00bbrgba(247,143,30,0.8)\u00bb background_color_gradient_end=\u00bbrgba(247,143,30,0.8)\u00bb custom_button_one=\u00bbon\u00bb button_one_text_size=\u00bb25px\u00bb button_one_bg_color=\u00bb#00414c\u00bb button_one_icon=\u00bb&#x39;||divi||400&#8243; animation_style=\u00bbslide\u00bb animation_direction=\u00bbtop\u00bb animation_delay=\u00bb1000ms\u00bb animation_intensity_slide=\u00bb10%\u00bb animation_speed_curve=\u00bbease-out\u00bb title_font_size_tablet=\u00bb25px\u00bb title_font_size_phone=\u00bb20px\u00bb title_font_size_last_edited=\u00bbon|phone\u00bb subhead_font_size_tablet=\u00bb20px\u00bb subhead_font_size_phone=\u00bb18px\u00bb subhead_font_size_last_edited=\u00bbon|phone\u00bb button_one_text_size_tablet=\u00bb\u00bb button_one_text_size_phone=\u00bb16px\u00bb button_one_text_size_last_edited=\u00bbon|phone\u00bb z_index_tablet=\u00bb500&#8243; custom_css_header_image=\u00bbwidth:50%;\u00bb text_shadow_style=\u00bbpreset5&#8243; text_shadow_color=\u00bbrgba(0,0,0,0.25)\u00bb global_colors_info=\u00bb{}\u00bb][\/et_pb_fullwidth_header][\/et_pb_section][et_pb_section fb_built=\u00bb1&#8243; _builder_version=\u00bb4.16&#8243; use_background_color_gradient=\u00bbon\u00bb background_color_gradient_type=\u00bbcircular\u00bb background_color_gradient_stops=\u00bbrgba(255,255,255,0.85) 0%|#ffffff 100%\u00bb background_color_gradient_overlays_image=\u00bbon\u00bb background_color_gradient_start=\u00bbrgba(255,255,255,0.85)\u00bb background_color_gradient_end=\u00bb#ffffff\u00bb background_image=\u00bbhttp:\/\/www.caldererias.es\/wp-content\/uploads\/2019\/01\/1-3.jpg\u00bb global_colors_info=\u00bb{}\u00bb][et_pb_row use_custom_gutter=\u00bbon\u00bb gutter_width=\u00bb1&#8243; module_class=\u00bb et_pb_row_fullwidth\u00bb _builder_version=\u00bb4.16&#8243; parallax=\u00bbon\u00bb parallax_method=\u00bboff\u00bb width=\u00bb100%\u00bb width_tablet=\u00bb100%\u00bb width_phone=\u00bb100%\u00bb width_last_edited=\u00bbon|desktop\u00bb max_width=\u00bb100%\u00bb max_width_tablet=\u00bb100%\u00bb max_width_phone=\u00bb100%\u00bb max_width_last_edited=\u00bbon|desktop\u00bb custom_padding=\u00bb70px|70px|70px|70px|true|true\u00bb make_fullwidth=\u00bbon\u00bb global_colors_info=\u00bb{}\u00bb][et_pb_column type=\u00bb4_4&#8243; _builder_version=\u00bb4.16&#8243; custom_padding=\u00bb|||\u00bb global_colors_info=\u00bb{}\u00bb custom_padding__hover=\u00bb|||\u00bb][et_pb_text _builder_version=\u00bb4.16&#8243; text_font=\u00bb||||||||\u00bb text_text_color=\u00bb#000000&#8243; header_font=\u00bb||||||||\u00bb header_2_font=\u00bb||||||||\u00bb header_2_font_size_tablet=\u00bb20px\u00bb header_2_font_size_phone=\u00bb16px\u00bb header_2_font_size_last_edited=\u00bbon|phone\u00bb global_colors_info=\u00bb{}\u00bb]<\/p>\n<h2>INTERNATIONAL<\/h2>\n<p>L'esprit d'entreprise alli\u00e9 \u00e0 l'effort, \u00e0 la pers\u00e9v\u00e9rance et au professionnalisme maximal de notre \u00e9quipe humaine nous a permis de nous positionner sur la sc\u00e8ne INTERNATIONALE:<\/p>\n<p>Nous d\u00e9passons avec succ\u00e8s les objectifs les plus exigeants de nos clients en participant \u00e0 des projets internationaux tels que:<\/p>\n<p>Contractant principal<br \/>Union temporaire d'entreprises<br \/>Consortium d'entreprises<br \/>Soutien aux entrepreneurs d' ing\u00e9nierie et EPC fournissant nos services d'ing\u00e9nierie, de fabrication et de fourniture de biens d'\u00e9quipement, d'\u00e9quipements statiques et de modularisation d'usines de conditionnement<\/p>\n<p>[\/et_pb_text][\/et_pb_column][\/et_pb_row][\/et_pb_section][et_pb_section fb_built=\u00bb1&#8243; _builder_version=\u00bb3.21.1&#8243; background_color=\u00bb#00414c\u00bb background_image=\u00bbhttp:\/\/www.caldererias.es\/wp-content\/uploads\/2019\/01\/fondo2.png\u00bb parallax=\u00bbon\u00bb parallax_method=\u00bboff\u00bb global_module=\u00bb356&#8243; saved_tabs=\u00bball\u00bb collapsed=\u00bboff\u00bb global_colors_info=\u00bb{}\u00bb][et_pb_row _builder_version=\u00bb4.16&#8243; global_colors_info=\u00bb{}\u00bb][et_pb_column type=\u00bb4_4&#8243; _builder_version=\u00bb4.16&#8243; custom_padding=\u00bb|||\u00bb global_colors_info=\u00bb{}\u00bb custom_padding__hover=\u00bb|||\u00bb][et_pb_blurb title=\u00bb\u00bfTienes alguna consulta?\u00bb url=\u00bbhttp:\/\/www.caldererias.es\/contacto\/\u00bb use_icon=\u00bbon\u00bb font_icon=\u00bb&#xe010;||divi||400&#8243; icon_color=\u00bb#ffffff\u00bb _builder_version=\u00bb4.16&#8243; header_level=\u00bbh2&#8243; header_font=\u00bb||||||||\u00bb header_text_color=\u00bb#ffffff\u00bb body_font=\u00bb||||||||\u00bb body_text_color=\u00bb#ffffff\u00bb text_orientation=\u00bbcenter\u00bb link_option_url=\u00bbhttp:\/\/www.caldererias.es\/contacto\/\u00bb hover_enabled=\u00bb0&#8243; global_colors_info=\u00bb{}\u00bb sticky_enabled=\u00bb0&#8243;]<\/p>\n<p>CONTACTEZ-NOUS<\/p>\n<p>[\/et_pb_blurb][et_pb_social_media_follow _builder_version=\u00bb4.27.0&#8243; _module_preset=\u00bbdefault\u00bb hover_enabled=\u00bb0&#8243; sticky_enabled=\u00bb0&#8243;][et_pb_social_media_follow_network _builder_version=\u00bb4.27.0&#8243; _module_preset=\u00bbdefault\u00bb follow_button=\u00bboff\u00bb url_new_window=\u00bbon\u00bb social_network=\u00bbfacebook\u00bb background_color=\u00bb#3b5998&#8243; url=\u00bbhttps:\/\/www.facebook.com\/share\/197EaG1ngz\/\u00bb hover_enabled=\u00bb0&#8243; sticky_enabled=\u00bb0&#8243;]facebook[\/et_pb_social_media_follow_network][et_pb_social_media_follow_network _builder_version=\u00bb4.27.0&#8243; _module_preset=\u00bbdefault\u00bb follow_button=\u00bboff\u00bb url_new_window=\u00bbon\u00bb social_network=\u00bbinstagram\u00bb background_color=\u00bb#ea2c59&#8243; url=\u00bbhttps:\/\/www.instagram.com\/caldererias_indalicas?igsh=MXB5cmoxYWRiZTd3dg==\u00bb hover_enabled=\u00bb0&#8243; sticky_enabled=\u00bb0&#8243;]instagram[\/et_pb_social_media_follow_network][et_pb_social_media_follow_network _builder_version=\u00bb4.27.0&#8243; _module_preset=\u00bbdefault\u00bb follow_button=\u00bboff\u00bb url_new_window=\u00bbon\u00bb social_network=\u00bblinkedin\u00bb background_color=\u00bb#007bb6&#8243; url=\u00bbhttps:\/\/es.linkedin.com\/company\/calderer-as-ind-licas-sl\u00bb hover_enabled=\u00bb0&#8243; sticky_enabled=\u00bb0&#8243;]linkedin[\/et_pb_social_media_follow_network][\/et_pb_social_media_follow][\/et_pb_column][\/et_pb_row][\/et_pb_section]<\/p>","protected":false},"excerpt":{"rendered":"<p>INTERNACIONAL El esp\u00edritu emprendedor junto al esfuerzo, la constancia y la m\u00e1xima profesionalidad de nuestro equipo humano nos ha permitido posicionarnos en el \u00e1mbito INTERNACIONAL: Superamos con \u00e9xito los objetivos m\u00e1s exigentes de nuestros clientes participando en Proyectos Internacionales como: Contratista principalUni\u00f3n Temporal de empresasConsorcio de empresasSoporte a Ingenier\u00edas y EPC Contractors prestando nuestros servicios [&hellip;]<\/p>","protected":false},"author":1,"featured_media":0,"parent":0,"menu_order":0,"comment_status":"closed","ping_status":"closed","template":"","meta":{"_et_pb_use_builder":"on","_et_pb_old_content":"","_et_gb_content_width":"","footnotes":""},"class_list":["post-72","page","type-page","status-publish","hentry"],"_links":{"self":[{"href":"https:\/\/www.caldererias.es\/fr\/wp-json\/wp\/v2\/pages\/72","targetHints":{"allow":["GET"]}}],"collection":[{"href":"https:\/\/www.caldererias.es\/fr\/wp-json\/wp\/v2\/pages"}],"about":[{"href":"https:\/\/www.caldererias.es\/fr\/wp-json\/wp\/v2\/types\/page"}],"author":[{"embeddable":true,"href":"https:\/\/www.caldererias.es\/fr\/wp-json\/wp\/v2\/users\/1"}],"replies":[{"embeddable":true,"href":"https:\/\/www.caldererias.es\/fr\/wp-json\/wp\/v2\/comments?post=72"}],"version-history":[{"count":67,"href":"https:\/\/www.caldererias.es\/fr\/wp-json\/wp\/v2\/pages\/72\/revisions"}],"predecessor-version":[{"id":4734,"href":"https:\/\/www.caldererias.es\/fr\/wp-json\/wp\/v2\/pages\/72\/revisions\/4734"}],"wp:attachment":[{"href":"https:\/\/www.caldererias.es\/fr\/wp-json\/wp\/v2\/media?parent=72"}],"curies":[{"name":"wp","href":"https:\/\/api.w.org\/{rel}","templated":true}]}}